{"id":10776,"date":"2025-01-08T00:41:34","date_gmt":"2025-01-08T00:41:34","guid":{"rendered":"https:\/\/xbanging.com\/?page_id=10776"},"modified":"2025-02-04T16:59:03","modified_gmt":"2025-02-04T16:59:03","slug":"18-u-s-c-section-2257-compliance-notice","status":"publish","type":"page","link":"https:\/\/xbanging.com\/de\/18-u-s-c-section-2257-compliance-notice\/","title":{"rendered":"18 U.S.C. Abschnitt 2257 Bekanntmachung"},"content":{"rendered":"<p>Alle <a href=\"https:\/\/xbanging.com\/de\/models\/\">Modelle<\/a>dass die Schauspieler, Schauspielerinnen und andere Personen, die in visuellen Darstellungen von tats\u00e4chlichem sexuellem Verhalten, die auf dieser Website erscheinen oder anderweitig enthalten sind, zum Zeitpunkt der Erstellung des visuellen Bildes \u00fcber achtzehn Jahre alt waren.<\/p>\n<p>In Bezug auf alle visuellen Darstellungen, die auf dieser Website gezeigt werden, unabh\u00e4ngig davon, ob es sich um tats\u00e4chliche sexuelle Handlungen, simulierte sexuelle Handlungen oder andere handelt, waren alle Personen mindestens 18 Jahre alt, als die visuellen Darstellungen erstellt wurden.<\/p>\n<p>Die Eigent\u00fcmer und Betreiber dieser Website sind die Prim\u00e4rproduzenten (gem\u00e4\u00df der Definition dieses Begriffs in <a href=\"https:\/\/www.law.cornell.edu\/uscode\/text\/18\/2257\">18 U.S.C. Abschnitt 2257)<\/a> der auf der Website enthaltenen visuellen Inhalte.<\/p>\n<p><b>Die auf dieser Website enthaltenen Bilder wurden zwischen 2022 und 2025 ver\u00f6ffentlicht, neu ver\u00f6ffentlicht, reproduziert oder neu aufgelegt.<\/b><\/p>\n<p><strong>In \u00dcbereinstimmung mit dem Bundesgesetz werden alle erforderlichen Unterlagen aufbewahrt und stehen zur Einsichtnahme zur Verf\u00fcgung. Diese Unterlagen k\u00f6nnen nur nach Vereinbarung eingesehen werden.<\/strong><\/p>\n<p>Donder &amp; Bliksem BV<br \/>\nWasserpolder 2a<br \/>\n9992 Middelburg<\/p>\n<p>&nbsp;<\/p>","protected":false},"excerpt":{"rendered":"<p>All models, actors, actresses and other persons that appear in any visual portrayal of actual sexually explicit conduct appearing or otherwise contained in this Website were over the age of eighteen years at the time the visual image was created. With respect to all visual depictions displayed on this web site, whether of actual sexually [&hellip;]<\/p>\n","protected":false},"author":1,"featured_media":11058,"parent":0,"menu_order":0,"comment_status":"closed","ping_status":"closed","template":"","meta":{"footnotes":""},"class_list":["post-10776","page","type-page","status-publish","has-post-thumbnail","hentry"],"yoast_head":"<!-- This site is optimized with the Yoast SEO Premium plugin v26.4 (Yoast SEO v27.5) - https:\/\/yoast.com\/product\/yoast-seo-premium-wordpress\/ -->\n<title>18 U.S.C. Section 2257 Compliance Notice | Xbanging<\/title>\n<meta name=\"description\" content=\"18 U.S.C. Section 2257 Compliance Notice: All visual content complies with legal standards, age verification ensured, and records maintained.\" \/>\n<meta name=\"robots\" content=\"index, follow, max-snippet:-1, max-image-preview:large, max-video-preview:-1\" \/>\n<link rel=\"canonical\" href=\"https:\/\/xbanging.com\/de\/18-u-s-c-section-2257-compliance-notice\/\" \/>\n<meta name=\"twitter:card\" content=\"summary_large_image\" \/>\n<meta name=\"twitter:title\" content=\"18 U.S.C. Section 2257 Compliance Notice | Xbanging\" \/>\n<meta name=\"twitter:description\" content=\"18 U.S.C. Section 2257 Compliance Notice: All visual content complies with legal standards, age verification ensured, and records maintained.\" \/>\n<meta name=\"twitter:image\" content=\"https:\/\/xbanging.com\/wp-content\/uploads\/2025\/01\/18-U.S.C.-Section-2257-Compliance-Notice-xbanging.png\" \/>\n<meta name=\"twitter:label1\" content=\"Gesch\u00e4tzte Lesezeit\" \/>\n\t<meta name=\"twitter:data1\" content=\"1\u00a0Minute\" \/>\n<script type=\"application\/ld+json\" class=\"yoast-schema-graph\">{\"@context\":\"https:\\\/\\\/schema.org\",\"@graph\":[{\"@type\":\"WebPage\",\"@id\":\"https:\\\/\\\/xbanging.com\\\/18-u-s-c-section-2257-compliance-notice\\\/\",\"url\":\"https:\\\/\\\/xbanging.com\\\/18-u-s-c-section-2257-compliance-notice\\\/\",\"name\":\"18 U.S.C. Section 2257 Compliance Notice | Xbanging\",\"isPartOf\":{\"@id\":\"https:\\\/\\\/xbanging.com\\\/#website\"},\"primaryImageOfPage\":{\"@id\":\"https:\\\/\\\/xbanging.com\\\/18-u-s-c-section-2257-compliance-notice\\\/#primaryimage\"},\"image\":{\"@id\":\"https:\\\/\\\/xbanging.com\\\/18-u-s-c-section-2257-compliance-notice\\\/#primaryimage\"},\"thumbnailUrl\":\"https:\\\/\\\/xbanging.com\\\/wp-content\\\/uploads\\\/2025\\\/01\\\/18-U.S.C.-Section-2257-Compliance-Notice-xbanging.png\",\"datePublished\":\"2025-01-08T00:41:34+00:00\",\"dateModified\":\"2025-02-04T16:59:03+00:00\",\"description\":\"18 U.S.C. Section 2257 Compliance Notice: All visual content complies with legal standards, age verification ensured, and records maintained.\",\"breadcrumb\":{\"@id\":\"https:\\\/\\\/xbanging.com\\\/18-u-s-c-section-2257-compliance-notice\\\/#breadcrumb\"},\"inLanguage\":\"de\",\"potentialAction\":[{\"@type\":\"ReadAction\",\"target\":[\"https:\\\/\\\/xbanging.com\\\/18-u-s-c-section-2257-compliance-notice\\\/\"]}]},{\"@type\":\"ImageObject\",\"inLanguage\":\"de\",\"@id\":\"https:\\\/\\\/xbanging.com\\\/18-u-s-c-section-2257-compliance-notice\\\/#primaryimage\",\"url\":\"https:\\\/\\\/xbanging.com\\\/wp-content\\\/uploads\\\/2025\\\/01\\\/18-U.S.C.-Section-2257-Compliance-Notice-xbanging.png\",\"contentUrl\":\"https:\\\/\\\/xbanging.com\\\/wp-content\\\/uploads\\\/2025\\\/01\\\/18-U.S.C.-Section-2257-Compliance-Notice-xbanging.png\",\"width\":1344,\"height\":768,\"caption\":\"18 U.S.C. Section 2257 Compliance Notice xbanging\"},{\"@type\":\"BreadcrumbList\",\"@id\":\"https:\\\/\\\/xbanging.com\\\/18-u-s-c-section-2257-compliance-notice\\\/#breadcrumb\",\"itemListElement\":[{\"@type\":\"ListItem\",\"position\":1,\"name\":\"Home\",\"item\":\"https:\\\/\\\/xbanging.com\\\/\"},{\"@type\":\"ListItem\",\"position\":2,\"name\":\"18 U.S.C. Section 2257 Compliance Notice\"}]},{\"@type\":\"WebSite\",\"@id\":\"https:\\\/\\\/xbanging.com\\\/#website\",\"url\":\"https:\\\/\\\/xbanging.com\\\/\",\"name\":\"XBANGING\",\"description\":\"\",\"publisher\":{\"@id\":\"https:\\\/\\\/xbanging.com\\\/#organization\"},\"potentialAction\":[{\"@type\":\"SearchAction\",\"target\":{\"@type\":\"EntryPoint\",\"urlTemplate\":\"https:\\\/\\\/xbanging.com\\\/?s={search_term_string}\"},\"query-input\":{\"@type\":\"PropertyValueSpecification\",\"valueRequired\":true,\"valueName\":\"search_term_string\"}}],\"inLanguage\":\"de\"},{\"@type\":\"Organization\",\"@id\":\"https:\\\/\\\/xbanging.com\\\/#organization\",\"name\":\"XBANGING\",\"url\":\"https:\\\/\\\/xbanging.com\\\/\",\"logo\":{\"@type\":\"ImageObject\",\"inLanguage\":\"de\",\"@id\":\"https:\\\/\\\/xbanging.com\\\/#\\\/schema\\\/logo\\\/image\\\/\",\"url\":\"https:\\\/\\\/xbanging.com\\\/wp-content\\\/uploads\\\/2022\\\/11\\\/xbanging-logo-300px.png\",\"contentUrl\":\"https:\\\/\\\/xbanging.com\\\/wp-content\\\/uploads\\\/2022\\\/11\\\/xbanging-logo-300px.png\",\"width\":300,\"height\":94,\"caption\":\"XBANGING\"},\"image\":{\"@id\":\"https:\\\/\\\/xbanging.com\\\/#\\\/schema\\\/logo\\\/image\\\/\"}}]}<\/script>\n<!-- \/ Yoast SEO Premium plugin. -->","yoast_head_json":{"title":"18 U.S.C. Section 2257 Compliance Notice | Xbanging","description":"18 U.S.C. Section 2257 Compliance Notice: All visual content complies with legal standards, age verification ensured, and records maintained.","robots":{"index":"index","follow":"follow","max-snippet":"max-snippet:-1","max-image-preview":"max-image-preview:large","max-video-preview":"max-video-preview:-1"},"canonical":"https:\/\/xbanging.com\/de\/18-u-s-c-section-2257-compliance-notice\/","twitter_card":"summary_large_image","twitter_title":"18 U.S.C. Section 2257 Compliance Notice | Xbanging","twitter_description":"18 U.S.C. Section 2257 Compliance Notice: All visual content complies with legal standards, age verification ensured, and records maintained.","twitter_image":"https:\/\/xbanging.com\/wp-content\/uploads\/2025\/01\/18-U.S.C.-Section-2257-Compliance-Notice-xbanging.png","twitter_misc":{"Gesch\u00e4tzte Lesezeit":"1\u00a0Minute"},"schema":{"@context":"https:\/\/schema.org","@graph":[{"@type":"WebPage","@id":"https:\/\/xbanging.com\/18-u-s-c-section-2257-compliance-notice\/","url":"https:\/\/xbanging.com\/18-u-s-c-section-2257-compliance-notice\/","name":"18 U.S.C. Section 2257 Compliance Notice | Xbanging","isPartOf":{"@id":"https:\/\/xbanging.com\/#website"},"primaryImageOfPage":{"@id":"https:\/\/xbanging.com\/18-u-s-c-section-2257-compliance-notice\/#primaryimage"},"image":{"@id":"https:\/\/xbanging.com\/18-u-s-c-section-2257-compliance-notice\/#primaryimage"},"thumbnailUrl":"https:\/\/xbanging.com\/wp-content\/uploads\/2025\/01\/18-U.S.C.-Section-2257-Compliance-Notice-xbanging.png","datePublished":"2025-01-08T00:41:34+00:00","dateModified":"2025-02-04T16:59:03+00:00","description":"18 U.S.C. Section 2257 Compliance Notice: All visual content complies with legal standards, age verification ensured, and records maintained.","breadcrumb":{"@id":"https:\/\/xbanging.com\/18-u-s-c-section-2257-compliance-notice\/#breadcrumb"},"inLanguage":"de","potentialAction":[{"@type":"ReadAction","target":["https:\/\/xbanging.com\/18-u-s-c-section-2257-compliance-notice\/"]}]},{"@type":"ImageObject","inLanguage":"de","@id":"https:\/\/xbanging.com\/18-u-s-c-section-2257-compliance-notice\/#primaryimage","url":"https:\/\/xbanging.com\/wp-content\/uploads\/2025\/01\/18-U.S.C.-Section-2257-Compliance-Notice-xbanging.png","contentUrl":"https:\/\/xbanging.com\/wp-content\/uploads\/2025\/01\/18-U.S.C.-Section-2257-Compliance-Notice-xbanging.png","width":1344,"height":768,"caption":"18 U.S.C. Section 2257 Compliance Notice xbanging"},{"@type":"BreadcrumbList","@id":"https:\/\/xbanging.com\/18-u-s-c-section-2257-compliance-notice\/#breadcrumb","itemListElement":[{"@type":"ListItem","position":1,"name":"Home","item":"https:\/\/xbanging.com\/"},{"@type":"ListItem","position":2,"name":"18 U.S.C. Section 2257 Compliance Notice"}]},{"@type":"WebSite","@id":"https:\/\/xbanging.com\/#website","url":"https:\/\/xbanging.com\/","name":"XBANGING","description":"","publisher":{"@id":"https:\/\/xbanging.com\/#organization"},"potentialAction":[{"@type":"SearchAction","target":{"@type":"EntryPoint","urlTemplate":"https:\/\/xbanging.com\/?s={search_term_string}"},"query-input":{"@type":"PropertyValueSpecification","valueRequired":true,"valueName":"search_term_string"}}],"inLanguage":"de"},{"@type":"Organization","@id":"https:\/\/xbanging.com\/#organization","name":"XBANGING","url":"https:\/\/xbanging.com\/","logo":{"@type":"ImageObject","inLanguage":"de","@id":"https:\/\/xbanging.com\/#\/schema\/logo\/image\/","url":"https:\/\/xbanging.com\/wp-content\/uploads\/2022\/11\/xbanging-logo-300px.png","contentUrl":"https:\/\/xbanging.com\/wp-content\/uploads\/2022\/11\/xbanging-logo-300px.png","width":300,"height":94,"caption":"XBANGING"},"image":{"@id":"https:\/\/xbanging.com\/#\/schema\/logo\/image\/"}}]}},"jetpack_sharing_enabled":true,"cmb2":{"page_slider_settings":{"display_slider_group":"no","page_slider_group":[{"layout":"slider-1","post_type":"post","order_by":"date","order":"DESC","display_categories":"yes","display_author":"yes","display_date":"yes","display_comment_count":"yes","display_view_count":"yes","display_like_count":"yes","display_dislike_count":"yes","fade":"no"}]},"blog_page_settings":{"blog_page_title":"","blog_page_heading":"off","blog_page_advance_search":"off","blog_page_ic":"","blog_page_it":"","blog_page_ec":"","blog_page_ip":"","blog_page_advance_search_id":"","archive_loop_style":"list-blog","blog_image_ratio":"","blog_show_categories":"on","blog_show_excerpt":"on","blog_show_author":"on","blog_show_date":"on","blog_show_comment_count":"on","blog_show_view_count":"on","blog_show_like_count":"on","blog_show_dislike_count":"on","blog_items_per_page":"10","blog_pag_type":"wp-default"},"page_options":{"get_page_template":"","color_mode":"","main_layout":"","main_layout_full_with":"","main_logo":"","main_logo_id":"","main_logo_retina":"","main_logo_retina_id":"","main_logo_mobile":"","main_logo_mobile_id":"","main_logo_mobile_retina":"","main_logo_mobile_retina_id":"","sticky_logo":"","sticky_logo_id":"","sticky_logo_retina":"","sticky_logo_retina_id":"","main_nav_layout":"","ajax_search":"","header_background":"","theme_sidebar":"","instagram_feed":"","instagram_feed_position":"","popular_videos":"","popular_videos_title_1":"","popular_videos_title_2":"","popular_videos_ic":"","popular_videos_it":"","theme_background":"","page_custom_css":""}},"_links":{"self":[{"href":"https:\/\/xbanging.com\/de\/wp-json\/wp\/v2\/pages\/10776","targetHints":{"allow":["GET"]}}],"collection":[{"href":"https:\/\/xbanging.com\/de\/wp-json\/wp\/v2\/pages"}],"about":[{"href":"https:\/\/xbanging.com\/de\/wp-json\/wp\/v2\/types\/page"}],"author":[{"embeddable":true,"href":"https:\/\/xbanging.com\/de\/wp-json\/wp\/v2\/users\/1"}],"replies":[{"embeddable":true,"href":"https:\/\/xbanging.com\/de\/wp-json\/wp\/v2\/comments?post=10776"}],"version-history":[{"count":0,"href":"https:\/\/xbanging.com\/de\/wp-json\/wp\/v2\/pages\/10776\/revisions"}],"wp:featuredmedia":[{"embeddable":true,"href":"https:\/\/xbanging.com\/de\/wp-json\/wp\/v2\/media\/11058"}],"wp:attachment":[{"href":"https:\/\/xbanging.com\/de\/wp-json\/wp\/v2\/media?parent=10776"}],"curies":[{"name":"wp","href":"https:\/\/api.w.org\/{rel}","templated":true}]}}