{"id":11361,"date":"2025-03-17T23:17:20","date_gmt":"2025-03-17T23:17:20","guid":{"rendered":"https:\/\/xbanging.com\/?page_id=11361"},"modified":"2025-05-21T22:04:22","modified_gmt":"2025-05-21T22:04:22","slug":"online-signup","status":"publish","type":"page","link":"https:\/\/xbanging.com\/de\/online-signup\/","title":{"rendered":"Online-Anmeldung"},"content":{"rendered":"<div data-elementor-type=\"wp-page\" data-elementor-id=\"11361\" class=\"elementor elementor-11361\" data-elementor-post-type=\"page\">\n\t\t\t\t<div class=\"elementor-element elementor-element-2ee095e6 e-flex e-con-boxed e-con e-parent\" data-id=\"2ee095e6\" data-element_type=\"container\" data-e-type=\"container\">\n\t\t\t\t\t<div class=\"e-con-inner\">\n\t\t\t\t<div class=\"elementor-element elementor-element-6fefd998 elementor-widget elementor-widget-text-editor\" data-id=\"6fefd998\" data-element_type=\"widget\" data-e-type=\"widget\" data-widget_type=\"text-editor.default\">\n\t\t\t\t\t\t\t\t\t<div class=\"ql-block\" data-block-id=\"block-25eb4c35-86fa-4b46-9d03-7485eba53088\"><h3 class=\"p1\"><b>Xbanging.com - Digitale Registrierung - F\u00fcr gefilmte Gangbang-Events<\/b><b><\/b><\/h3><p class=\"p3\"><strong>Xbanging.com<\/strong> arbeitet jetzt bei der Anmeldung aller Teilnehmer an unseren Filmveranstaltungen vollst\u00e4ndig digital - das gilt f\u00fcr Models, Schauspieler und alle anderen Teilnehmer. Die Modellfreigabe wird online ausgef\u00fcllt, und Ihre Identit\u00e4t wird digital \u00fcberpr\u00fcft. Dies gew\u00e4hrleistet einen schnelleren, sichereren und effizienteren Umgang mit Ihren Daten.<\/p><hr \/><h4 class=\"p1\"><strong>Sicherheit und Datenschutz<\/strong><b><\/b><\/h4><p class=\"p3\">Wir legen gro\u00dfen Wert auf Sicherheit und den Schutz personenbezogener Daten. Deshalb verwenden wir die folgenden digitalen Tools:<\/p><ul><li><p class=\"p1\"><span class=\"s1\"><b>Model Release<\/b><\/span>: \u00fcber Adobe Sign<\/p><\/li><li><p class=\"p1\"><b>Identit\u00e4ts\u00fcberpr\u00fcfung<\/b><span class=\"s1\">: \u00fcber Checked ID<\/span><\/p><\/li><li><p class=\"p1\"><span class=\"s1\"><b>Lagerung<\/b><\/span>: Dateien werden sicher in einem verschl\u00fcsselten Dropbox-Ordner gespeichert<\/p><\/li><li><p class=\"p1\"><span class=\"s1\"><b>Datenschutz<\/b><\/span>: Alles geschieht in \u00dcbereinstimmung mit den GDPR-Vorschriften. Weitere Informationen finden Sie in den Allgemeinen Gesch\u00e4ftsbedingungen unserer Website.<\/p><\/li><\/ul><hr \/><h4 class=\"p1\"><b>Warum digital?<\/b><b><\/b><\/h4><p class=\"p3\">Uns ist aufgefallen, dass Papier-ID-Fotos und Modellfreigaben h\u00e4ufig sind:<\/p><ul><li><p class=\"p1\">schwer zu lesen sind<\/p><\/li><li><p class=\"p1\">unscharfe oder unvollst\u00e4ndige ID-Bilder enthalten<\/p><\/li><li><p class=\"p1\">unvollst\u00e4ndig oder undeutlich ausgef\u00fcllt sind<\/p><\/li><\/ul><p class=\"p3\">Indem wir digital arbeiten, vermeiden wir diese Probleme und stellen sicher, dass alles genau und sicher erfasst wird.<\/p><hr \/><h4 class=\"p1\"><b>Wie funktioniert das?<\/b><b><\/b><\/h4><p class=\"p3\">Sie haben zwei M\u00f6glichkeiten, Ihre Anmeldung auszuf\u00fcllen:<\/p><hr \/><h4 class=\"p1\"><b>1. Vorregistrierung<\/b><b><\/b><\/h4><p class=\"p3\">Sie k\u00f6nnen Ihre Anmeldung im Voraus abschlie\u00dfen, indem Sie diese Schritte befolgen:<\/p><ul><li><p class=\"p1\">Klicken Sie auf den Link (siehe unten). Sie erhalten dann eine E-Mail mit weiteren Anweisungen.<\/p><\/li><li><p class=\"p1\">Sie werden zwei separate E-Mails erhalten:<\/p><ul><li><p class=\"p1\"><span class=\"s1\"><b>Erste E-Mail<\/b><\/span>: von Adobe Sign mit einem Link zur digitalen Unterzeichnung Ihrer Modellfreigabe<\/p><\/li><li><p class=\"p1\"><span class=\"s1\"><b>Zweite E-Mail<\/b><\/span>: von Checked ID mit der Aufforderung, eine App zur Identit\u00e4tspr\u00fcfung herunterzuladen<\/p><\/li><\/ul><\/li><\/ul><h4 class=\"p1\"><b>F\u00fcr die Modellfreigabe m\u00fcssen Sie Folgendes angeben:<\/b><b><\/b><\/h4><ul><li><p class=\"p1\">Vornamen<\/p><\/li><li><p class=\"p1\">Nachname<\/p><\/li><li><p class=\"p1\">Ort und Datum<\/p><\/li><li><p class=\"p1\">Digitale Unterschrift<\/p><\/li><\/ul><h4 class=\"p1\"><b>Zur Identit\u00e4ts\u00fcberpr\u00fcfung mittels Checked ID:<\/b><b><\/b><\/h4><ul><li><p class=\"p1\">Ein Scan der Vorder- und R\u00fcckseite Ihres Personalausweises, F\u00fchrerscheins oder Reisepasses<\/p><\/li><li><p class=\"p1\">Ein Selfie zur zus\u00e4tzlichen \u00dcberpr\u00fcfung<\/p><\/li><\/ul><p class=\"p3\"><span class=\"s2\"><b>Nutzen Sie<\/b><\/span>: Wenn Sie Ihre \u00dcberpr\u00fcfung zu Hause durchf\u00fchren, m\u00fcssen Sie nur einen kurzen Test vor Ort machen (nur f\u00fcr <i>Test an der T\u00fcr<\/i> Ereignisse).<\/p><hr \/><h4 class=\"p1\"><b>2. Registrierung vor Ort<\/b><b><\/b><\/h4><p class=\"p3\">Sie m\u00f6chten sich lieber vor Ort anmelden? Auch das ist m\u00f6glich:<\/p><ul><li><p class=\"p1\">Scannen Sie den am Veranstaltungsort verf\u00fcgbaren QR-Code<\/p><\/li><li><p class=\"p1\">Sie werden zu Adobe Sign weitergeleitet, um Ihre Modellfreigabe digital zu unterzeichnen.<\/p><\/li><li><p class=\"p1\">Wir verifizieren Ihre Identit\u00e4t vor Ort mit Checked ID<\/p><\/li><\/ul><p class=\"p3\">Dies gew\u00e4hrleistet einen reibungslosen, sicheren und korrekten Anmeldeprozess f\u00fcr alle Teilnehmer an den von Xbanging.com organisierten gefilmten Gangbangs.<\/p><p class=\"p3\">Wenn Sie Fragen haben oder Unterst\u00fctzung ben\u00f6tigen, k\u00f6nnen Sie sich gerne \u00fcber die Website an uns wenden.<\/p><h2 class=\"p1\" style=\"text-align: center;\">\u00a0<\/h2><\/div>\t\t\t\t\t\t\t\t<\/div>\n\t\t\t\t\t<\/div>\n\t\t\t\t<\/div>\n\t\t\t\t<\/div>","protected":false},"excerpt":{"rendered":"<p>Xbanging.com \u2013 Digital Registration \u2013 For Filmed Gangbang Events Xbanging.com now operates fully digitally for the registration of all participants at our filmed events \u2013 this applies to models, actors, and any other attendees. The model release is completed online, and your identity is verified digitally. This ensures faster, safer, and more efficient handling of [&hellip;]<\/p>\n","protected":false},"author":1,"featured_media":0,"parent":0,"menu_order":0,"comment_status":"closed","ping_status":"closed","template":"","meta":{"footnotes":""},"class_list":["post-11361","page","type-page","status-publish","hentry"],"yoast_head":"<!-- This site is optimized with the Yoast SEO Premium plugin v26.4 (Yoast SEO v27.5) - https:\/\/yoast.com\/product\/yoast-seo-premium-wordpress\/ -->\n<title>Online Signup | Xbanging<\/title>\n<meta name=\"robots\" content=\"index, follow, max-snippet:-1, max-image-preview:large, max-video-preview:-1\" \/>\n<link rel=\"canonical\" href=\"https:\/\/xbanging.com\/de\/online-signup\/\" \/>\n<meta name=\"twitter:card\" content=\"summary_large_image\" \/>\n<meta name=\"twitter:title\" content=\"Online Signup | Xbanging\" \/>\n<meta name=\"twitter:description\" content=\"Xbanging.com \u2013 Digital Registration \u2013 For Filmed Gangbang Events Xbanging.com now operates fully digitally for the registration of all participants at our filmed events \u2013 this applies to models, actors, and any other attendees. The model release is completed online, and your identity is verified digitally. This ensures faster, safer, and more efficient handling of [&hellip;]\" \/>\n<meta name=\"twitter:label1\" content=\"Gesch\u00e4tzte Lesezeit\" \/>\n\t<meta name=\"twitter:data1\" content=\"2\u00a0Minuten\" \/>\n<script type=\"application\/ld+json\" class=\"yoast-schema-graph\">{\"@context\":\"https:\\\/\\\/schema.org\",\"@graph\":[{\"@type\":\"WebPage\",\"@id\":\"https:\\\/\\\/xbanging.com\\\/online-signup\\\/\",\"url\":\"https:\\\/\\\/xbanging.com\\\/online-signup\\\/\",\"name\":\"Online Signup | Xbanging\",\"isPartOf\":{\"@id\":\"https:\\\/\\\/xbanging.com\\\/#website\"},\"datePublished\":\"2025-03-17T23:17:20+00:00\",\"dateModified\":\"2025-05-21T22:04:22+00:00\",\"breadcrumb\":{\"@id\":\"https:\\\/\\\/xbanging.com\\\/online-signup\\\/#breadcrumb\"},\"inLanguage\":\"de\",\"potentialAction\":[{\"@type\":\"ReadAction\",\"target\":[\"https:\\\/\\\/xbanging.com\\\/online-signup\\\/\"]}]},{\"@type\":\"BreadcrumbList\",\"@id\":\"https:\\\/\\\/xbanging.com\\\/online-signup\\\/#breadcrumb\",\"itemListElement\":[{\"@type\":\"ListItem\",\"position\":1,\"name\":\"Home\",\"item\":\"https:\\\/\\\/xbanging.com\\\/\"},{\"@type\":\"ListItem\",\"position\":2,\"name\":\"Online Signup\"}]},{\"@type\":\"WebSite\",\"@id\":\"https:\\\/\\\/xbanging.com\\\/#website\",\"url\":\"https:\\\/\\\/xbanging.com\\\/\",\"name\":\"XBANGING\",\"description\":\"\",\"publisher\":{\"@id\":\"https:\\\/\\\/xbanging.com\\\/#organization\"},\"potentialAction\":[{\"@type\":\"SearchAction\",\"target\":{\"@type\":\"EntryPoint\",\"urlTemplate\":\"https:\\\/\\\/xbanging.com\\\/?s={search_term_string}\"},\"query-input\":{\"@type\":\"PropertyValueSpecification\",\"valueRequired\":true,\"valueName\":\"search_term_string\"}}],\"inLanguage\":\"de\"},{\"@type\":\"Organization\",\"@id\":\"https:\\\/\\\/xbanging.com\\\/#organization\",\"name\":\"XBANGING\",\"url\":\"https:\\\/\\\/xbanging.com\\\/\",\"logo\":{\"@type\":\"ImageObject\",\"inLanguage\":\"de\",\"@id\":\"https:\\\/\\\/xbanging.com\\\/#\\\/schema\\\/logo\\\/image\\\/\",\"url\":\"https:\\\/\\\/xbanging.com\\\/wp-content\\\/uploads\\\/2022\\\/11\\\/xbanging-logo-300px.png\",\"contentUrl\":\"https:\\\/\\\/xbanging.com\\\/wp-content\\\/uploads\\\/2022\\\/11\\\/xbanging-logo-300px.png\",\"width\":300,\"height\":94,\"caption\":\"XBANGING\"},\"image\":{\"@id\":\"https:\\\/\\\/xbanging.com\\\/#\\\/schema\\\/logo\\\/image\\\/\"}}]}<\/script>\n<!-- \/ Yoast SEO Premium plugin. -->","yoast_head_json":{"title":"Online Signup | Xbanging","robots":{"index":"index","follow":"follow","max-snippet":"max-snippet:-1","max-image-preview":"max-image-preview:large","max-video-preview":"max-video-preview:-1"},"canonical":"https:\/\/xbanging.com\/de\/online-signup\/","twitter_card":"summary_large_image","twitter_title":"Online Signup | Xbanging","twitter_description":"Xbanging.com \u2013 Digital Registration \u2013 For Filmed Gangbang Events Xbanging.com now operates fully digitally for the registration of all participants at our filmed events \u2013 this applies to models, actors, and any other attendees. The model release is completed online, and your identity is verified digitally. This ensures faster, safer, and more efficient handling of [&hellip;]","twitter_misc":{"Gesch\u00e4tzte Lesezeit":"2\u00a0Minuten"},"schema":{"@context":"https:\/\/schema.org","@graph":[{"@type":"WebPage","@id":"https:\/\/xbanging.com\/online-signup\/","url":"https:\/\/xbanging.com\/online-signup\/","name":"Online Signup | Xbanging","isPartOf":{"@id":"https:\/\/xbanging.com\/#website"},"datePublished":"2025-03-17T23:17:20+00:00","dateModified":"2025-05-21T22:04:22+00:00","breadcrumb":{"@id":"https:\/\/xbanging.com\/online-signup\/#breadcrumb"},"inLanguage":"de","potentialAction":[{"@type":"ReadAction","target":["https:\/\/xbanging.com\/online-signup\/"]}]},{"@type":"BreadcrumbList","@id":"https:\/\/xbanging.com\/online-signup\/#breadcrumb","itemListElement":[{"@type":"ListItem","position":1,"name":"Home","item":"https:\/\/xbanging.com\/"},{"@type":"ListItem","position":2,"name":"Online Signup"}]},{"@type":"WebSite","@id":"https:\/\/xbanging.com\/#website","url":"https:\/\/xbanging.com\/","name":"XBANGING","description":"","publisher":{"@id":"https:\/\/xbanging.com\/#organization"},"potentialAction":[{"@type":"SearchAction","target":{"@type":"EntryPoint","urlTemplate":"https:\/\/xbanging.com\/?s={search_term_string}"},"query-input":{"@type":"PropertyValueSpecification","valueRequired":true,"valueName":"search_term_string"}}],"inLanguage":"de"},{"@type":"Organization","@id":"https:\/\/xbanging.com\/#organization","name":"XBANGING","url":"https:\/\/xbanging.com\/","logo":{"@type":"ImageObject","inLanguage":"de","@id":"https:\/\/xbanging.com\/#\/schema\/logo\/image\/","url":"https:\/\/xbanging.com\/wp-content\/uploads\/2022\/11\/xbanging-logo-300px.png","contentUrl":"https:\/\/xbanging.com\/wp-content\/uploads\/2022\/11\/xbanging-logo-300px.png","width":300,"height":94,"caption":"XBANGING"},"image":{"@id":"https:\/\/xbanging.com\/#\/schema\/logo\/image\/"}}]}},"jetpack_sharing_enabled":true,"cmb2":{"page_slider_settings":{"display_slider_group":"no","page_slider_group":[{"layout":"slider-1","post_type":"post","order_by":"date","order":"DESC","display_categories":"yes","display_author":"yes","display_date":"yes","display_comment_count":"yes","display_view_count":"yes","display_like_count":"yes","display_dislike_count":"yes","fade":"no"}]},"blog_page_settings":{"blog_page_title":"","blog_page_heading":"off","blog_page_advance_search":"off","blog_page_ic":"","blog_page_it":"","blog_page_ec":"","blog_page_ip":"","blog_page_advance_search_id":"","archive_loop_style":"list-blog","blog_image_ratio":"","blog_show_categories":"on","blog_show_excerpt":"on","blog_show_author":"on","blog_show_date":"on","blog_show_comment_count":"on","blog_show_view_count":"on","blog_show_like_count":"on","blog_show_dislike_count":"on","blog_items_per_page":"10","blog_pag_type":"wp-default"},"page_options":{"get_page_template":"","color_mode":"","main_layout":"","main_layout_full_with":"","main_logo":"","main_logo_id":"","main_logo_retina":"","main_logo_retina_id":"","main_logo_mobile":"","main_logo_mobile_id":"","main_logo_mobile_retina":"","main_logo_mobile_retina_id":"","sticky_logo":"","sticky_logo_id":"","sticky_logo_retina":"","sticky_logo_retina_id":"","main_nav_layout":"","ajax_search":"","header_background":"","theme_sidebar":"","instagram_feed":"","instagram_feed_position":"","popular_videos":"","popular_videos_title_1":"","popular_videos_title_2":"","popular_videos_ic":"","popular_videos_it":"","theme_background":"","page_custom_css":""}},"_links":{"self":[{"href":"https:\/\/xbanging.com\/de\/wp-json\/wp\/v2\/pages\/11361","targetHints":{"allow":["GET"]}}],"collection":[{"href":"https:\/\/xbanging.com\/de\/wp-json\/wp\/v2\/pages"}],"about":[{"href":"https:\/\/xbanging.com\/de\/wp-json\/wp\/v2\/types\/page"}],"author":[{"embeddable":true,"href":"https:\/\/xbanging.com\/de\/wp-json\/wp\/v2\/users\/1"}],"replies":[{"embeddable":true,"href":"https:\/\/xbanging.com\/de\/wp-json\/wp\/v2\/comments?post=11361"}],"version-history":[{"count":0,"href":"https:\/\/xbanging.com\/de\/wp-json\/wp\/v2\/pages\/11361\/revisions"}],"wp:attachment":[{"href":"https:\/\/xbanging.com\/de\/wp-json\/wp\/v2\/media?parent=11361"}],"curies":[{"name":"wp","href":"https:\/\/api.w.org\/{rel}","templated":true}]}}