{"id":5477,"date":"2022-11-13T08:33:23","date_gmt":"2022-11-13T08:33:23","guid":{"rendered":"https:\/\/xbanging.com\/?page_id=5477"},"modified":"2025-09-29T07:26:33","modified_gmt":"2025-09-29T07:26:33","slug":"cookie-policy","status":"publish","type":"page","link":"https:\/\/xbanging.com\/de\/cookie-policy\/","title":{"rendered":"Cookie-Politik"},"content":{"rendered":"<h2 class=\"ai-optimize-6\">Cookie-Politik<\/h2>\n<h3 class=\"ai-optimize-7\">Dies ist die Cookie-Richtlinie f\u00fcr Xbanging<\/h3>\n<p class=\"ai-optimize-8 ai-optimize-introduction\">Wie fast alle professionellen Websites verwendet auch diese Website Cookies, kleine Dateien, die auf Ihren Computer heruntergeladen werden, um Ihr Erlebnis zu verbessern. Auf dieser Seite wird beschrieben, welche Informationen sie sammeln, wie wir sie verwenden und warum wir diese Cookies manchmal speichern m\u00fcssen. Wir teilen Ihnen auch mit, wie Sie die Speicherung dieser Cookies verhindern k\u00f6nnen, was jedoch zu einer Verschlechterung oder zum Ausfall bestimmter Funktionen der Website f\u00fchren kann.<\/p>\n<p class=\"ai-optimize-9\">F\u00fcr mehr <a href=\"https:\/\/en.wikipedia.org\/wiki\/General_Data_Protection_Regulation\">Allgemeine Informationen<\/a> \u00fcber Cookies, siehe den Wikipedia-Artikel \u00fcber HTTP-Cookies.<\/p>\n<p class=\"ai-optimize-10\">Wie wir Cookies verwenden<\/p>\n<p class=\"ai-optimize-11\">Wir verwenden Cookies aus verschiedenen Gr\u00fcnden, die im Folgenden beschrieben werden. Leider gibt es in den meisten F\u00e4llen keine dem Industriestandard entsprechenden M\u00f6glichkeiten, Cookies zu deaktivieren, ohne die Funktionalit\u00e4t und die Funktionen, die sie dieser Website hinzuf\u00fcgen, vollst\u00e4ndig zu deaktivieren. Es ist ratsam, alle Cookies zu lassen, wenn Sie sich nicht sicher sind, ob Sie sie brauchen oder nicht, wenn sie verwendet werden, um einen Dienst anzubieten, den Sie nutzen.<\/p>\n<p class=\"ai-optimize-12\">Cookies deaktivieren<\/p>\n<p class=\"ai-optimize-13\">Sie k\u00f6nnen das Setzen von Cookies verhindern, indem Sie die Einstellungen in Ihrem Browser anpassen (weitere Informationen finden Sie in der Hilfe Ihres Browsers). Bitte beachten Sie, dass die Deaktivierung von Cookies die Funktionalit\u00e4t dieser und vieler anderer Websites, die Sie besuchen, beeintr\u00e4chtigt. Die Deaktivierung von Cookies f\u00fchrt in der Regel auch zur Deaktivierung bestimmter Funktionen dieser Website. Es wird daher empfohlen, Cookies nicht zu deaktivieren.<\/p>\n<p class=\"ai-optimize-14\">Die Cookies, die wir setzen<\/p>\n<p class=\"ai-optimize-15\">Kontobezogene Cookies<\/p>\n<p class=\"ai-optimize-16\">Wenn Sie ein Konto bei uns erstellen, verwenden wir Cookies, um den Registrierungsprozess und die allgemeine Verwaltung zu verwalten. Diese Cookies werden in der Regel gel\u00f6scht, wenn Sie sich abmelden, aber in einigen F\u00e4llen bleiben sie zur\u00fcck, um Ihre Website-Einstellungen zu speichern, wenn Sie abgemeldet sind.<\/p>\n<p class=\"ai-optimize-17\">Cookies von Drittanbietern<\/p>\n<p class=\"ai-optimize-18\">In einigen besonderen F\u00e4llen verwenden wir auch Cookies, die von vertrauensw\u00fcrdigen Dritten angeboten werden. Der folgende Abschnitt beschreibt, welche externen Cookies Sie auf dieser Website finden k\u00f6nnen.<\/p>\n<p class=\"ai-optimize-19\">Die Analyse von Drittanbietern wird verwendet, um die Nutzung dieser Website zu verfolgen und zu messen, damit wir weiterhin attraktive Inhalte erstellen k\u00f6nnen. Diese Cookies k\u00f6nnen z. B. verfolgen, wie lange Sie auf der Website bleiben oder welche Seiten Sie besuchen, damit wir besser verstehen, wie wir die Website f\u00fcr Sie verbessern k\u00f6nnen.<\/p>\n<p class=\"ai-optimize-20\">Weitere Informationen<\/p>\n<p class=\"ai-optimize-21\">Wie bereits erw\u00e4hnt, ist es in der Regel sicherer, Cookies zu aktivieren, wenn Sie sich nicht sicher sind, ob Sie sie ben\u00f6tigen oder nicht, falls sie mit einer der Funktionen auf unserer Website interagieren.<\/p>\n<p class=\"ai-optimize-22\">Wenn Sie jedoch noch weitere Informationen suchen, wenden Sie sich bitte an <a href=\"https:\/\/xbanging.com\/de\/contact\/\">Kontaktieren Sie uns<\/a> \u00fcber eine der von uns bevorzugten Kontaktm\u00f6glichkeiten:<\/p>\n<p class=\"ai-optimize-23\">E-Mail: hello@donnykingmedia.be<\/p>","protected":false},"excerpt":{"rendered":"<p>Cookie policy This is the Cookie Policy for Xbanging As is common with almost all professional websites, this site uses cookies, small files that are downloaded to your computer to improve your experience. This page describes what information they collect, how we use them and why we sometimes have to store these cookies. We will [&hellip;]<\/p>\n","protected":false},"author":1,"featured_media":0,"parent":0,"menu_order":0,"comment_status":"closed","ping_status":"closed","template":"","meta":{"footnotes":""},"class_list":["post-5477","page","type-page","status-publish","hentry"],"yoast_head":"<!-- This site is optimized with the Yoast SEO Premium plugin v26.4 (Yoast SEO v27.3) - https:\/\/yoast.com\/product\/yoast-seo-premium-wordpress\/ -->\n<title>Cookie policy | Xbanging<\/title>\n<meta name=\"description\" content=\"Understand how xbanging.com uses cookies to enhance your experience. Learn about cookie types, usage, and how to manage your settings.\" \/>\n<meta name=\"robots\" content=\"index, follow, max-snippet:-1, max-image-preview:large, max-video-preview:-1\" \/>\n<link rel=\"canonical\" href=\"https:\/\/xbanging.com\/de\/cookie-policy\/\" \/>\n<meta name=\"twitter:card\" content=\"summary_large_image\" \/>\n<meta name=\"twitter:title\" content=\"Cookie policy | Xbanging\" \/>\n<meta name=\"twitter:description\" content=\"Understand how xbanging.com uses cookies to enhance your experience. Learn about cookie types, usage, and how to manage your settings.\" \/>\n<meta name=\"twitter:label1\" content=\"Gesch\u00e4tzte Lesezeit\" \/>\n\t<meta name=\"twitter:data1\" content=\"2\u00a0Minuten\" \/>\n<script type=\"application\/ld+json\" class=\"yoast-schema-graph\">{\"@context\":\"https:\\\/\\\/schema.org\",\"@graph\":[{\"@type\":\"WebPage\",\"@id\":\"https:\\\/\\\/xbanging.com\\\/cookie-policy\\\/\",\"url\":\"https:\\\/\\\/xbanging.com\\\/cookie-policy\\\/\",\"name\":\"Cookie policy | Xbanging\",\"isPartOf\":{\"@id\":\"https:\\\/\\\/xbanging.com\\\/#website\"},\"datePublished\":\"2022-11-13T08:33:23+00:00\",\"dateModified\":\"2025-09-29T07:26:33+00:00\",\"description\":\"Understand how xbanging.com uses cookies to enhance your experience. Learn about cookie types, usage, and how to manage your settings.\",\"breadcrumb\":{\"@id\":\"https:\\\/\\\/xbanging.com\\\/cookie-policy\\\/#breadcrumb\"},\"inLanguage\":\"de\",\"potentialAction\":[{\"@type\":\"ReadAction\",\"target\":[\"https:\\\/\\\/xbanging.com\\\/cookie-policy\\\/\"]}]},{\"@type\":\"BreadcrumbList\",\"@id\":\"https:\\\/\\\/xbanging.com\\\/cookie-policy\\\/#breadcrumb\",\"itemListElement\":[{\"@type\":\"ListItem\",\"position\":1,\"name\":\"Home\",\"item\":\"https:\\\/\\\/xbanging.com\\\/\"},{\"@type\":\"ListItem\",\"position\":2,\"name\":\"Cookie policy\"}]},{\"@type\":\"WebSite\",\"@id\":\"https:\\\/\\\/xbanging.com\\\/#website\",\"url\":\"https:\\\/\\\/xbanging.com\\\/\",\"name\":\"XBANGING\",\"description\":\"\",\"publisher\":{\"@id\":\"https:\\\/\\\/xbanging.com\\\/#organization\"},\"potentialAction\":[{\"@type\":\"SearchAction\",\"target\":{\"@type\":\"EntryPoint\",\"urlTemplate\":\"https:\\\/\\\/xbanging.com\\\/?s={search_term_string}\"},\"query-input\":{\"@type\":\"PropertyValueSpecification\",\"valueRequired\":true,\"valueName\":\"search_term_string\"}}],\"inLanguage\":\"de\"},{\"@type\":\"Organization\",\"@id\":\"https:\\\/\\\/xbanging.com\\\/#organization\",\"name\":\"XBANGING\",\"url\":\"https:\\\/\\\/xbanging.com\\\/\",\"logo\":{\"@type\":\"ImageObject\",\"inLanguage\":\"de\",\"@id\":\"https:\\\/\\\/xbanging.com\\\/#\\\/schema\\\/logo\\\/image\\\/\",\"url\":\"https:\\\/\\\/xbanging.com\\\/wp-content\\\/uploads\\\/2022\\\/11\\\/xbanging-logo-300px.png\",\"contentUrl\":\"https:\\\/\\\/xbanging.com\\\/wp-content\\\/uploads\\\/2022\\\/11\\\/xbanging-logo-300px.png\",\"width\":300,\"height\":94,\"caption\":\"XBANGING\"},\"image\":{\"@id\":\"https:\\\/\\\/xbanging.com\\\/#\\\/schema\\\/logo\\\/image\\\/\"}}]}<\/script>\n<!-- \/ Yoast SEO Premium plugin. -->","yoast_head_json":{"title":"Cookie policy | Xbanging","description":"Understand how xbanging.com uses cookies to enhance your experience. Learn about cookie types, usage, and how to manage your settings.","robots":{"index":"index","follow":"follow","max-snippet":"max-snippet:-1","max-image-preview":"max-image-preview:large","max-video-preview":"max-video-preview:-1"},"canonical":"https:\/\/xbanging.com\/de\/cookie-policy\/","twitter_card":"summary_large_image","twitter_title":"Cookie policy | Xbanging","twitter_description":"Understand how xbanging.com uses cookies to enhance your experience. Learn about cookie types, usage, and how to manage your settings.","twitter_misc":{"Gesch\u00e4tzte Lesezeit":"2\u00a0Minuten"},"schema":{"@context":"https:\/\/schema.org","@graph":[{"@type":"WebPage","@id":"https:\/\/xbanging.com\/cookie-policy\/","url":"https:\/\/xbanging.com\/cookie-policy\/","name":"Cookie policy | Xbanging","isPartOf":{"@id":"https:\/\/xbanging.com\/#website"},"datePublished":"2022-11-13T08:33:23+00:00","dateModified":"2025-09-29T07:26:33+00:00","description":"Understand how xbanging.com uses cookies to enhance your experience. Learn about cookie types, usage, and how to manage your settings.","breadcrumb":{"@id":"https:\/\/xbanging.com\/cookie-policy\/#breadcrumb"},"inLanguage":"de","potentialAction":[{"@type":"ReadAction","target":["https:\/\/xbanging.com\/cookie-policy\/"]}]},{"@type":"BreadcrumbList","@id":"https:\/\/xbanging.com\/cookie-policy\/#breadcrumb","itemListElement":[{"@type":"ListItem","position":1,"name":"Home","item":"https:\/\/xbanging.com\/"},{"@type":"ListItem","position":2,"name":"Cookie policy"}]},{"@type":"WebSite","@id":"https:\/\/xbanging.com\/#website","url":"https:\/\/xbanging.com\/","name":"XBANGING","description":"","publisher":{"@id":"https:\/\/xbanging.com\/#organization"},"potentialAction":[{"@type":"SearchAction","target":{"@type":"EntryPoint","urlTemplate":"https:\/\/xbanging.com\/?s={search_term_string}"},"query-input":{"@type":"PropertyValueSpecification","valueRequired":true,"valueName":"search_term_string"}}],"inLanguage":"de"},{"@type":"Organization","@id":"https:\/\/xbanging.com\/#organization","name":"XBANGING","url":"https:\/\/xbanging.com\/","logo":{"@type":"ImageObject","inLanguage":"de","@id":"https:\/\/xbanging.com\/#\/schema\/logo\/image\/","url":"https:\/\/xbanging.com\/wp-content\/uploads\/2022\/11\/xbanging-logo-300px.png","contentUrl":"https:\/\/xbanging.com\/wp-content\/uploads\/2022\/11\/xbanging-logo-300px.png","width":300,"height":94,"caption":"XBANGING"},"image":{"@id":"https:\/\/xbanging.com\/#\/schema\/logo\/image\/"}}]}},"jetpack_sharing_enabled":true,"cmb2":{"page_slider_settings":{"display_slider_group":"no","page_slider_group":[{"layout":"slider-1","post_type":"post","order_by":"date","order":"DESC","display_categories":"yes","display_author":"yes","display_date":"yes","display_comment_count":"yes","display_view_count":"yes","display_like_count":"yes","display_dislike_count":"yes","fade":"no"}]},"blog_page_settings":{"blog_page_title":"","blog_page_heading":"off","blog_page_advance_search":"off","blog_page_ic":"","blog_page_it":"","blog_page_ec":"","blog_page_ip":"","blog_page_advance_search_id":"","archive_loop_style":"list-blog","blog_image_ratio":"","blog_show_categories":"on","blog_show_excerpt":"on","blog_show_author":"on","blog_show_date":"on","blog_show_comment_count":"on","blog_show_view_count":"on","blog_show_like_count":"on","blog_show_dislike_count":"on","blog_items_per_page":"10","blog_pag_type":"wp-default"},"page_options":{"get_page_template":"","color_mode":"","main_layout":"","main_layout_full_with":"","main_logo":"","main_logo_id":"","main_logo_retina":"","main_logo_retina_id":"","main_logo_mobile":"","main_logo_mobile_id":"","main_logo_mobile_retina":"","main_logo_mobile_retina_id":"","sticky_logo":"","sticky_logo_id":"","sticky_logo_retina":"","sticky_logo_retina_id":"","main_nav_layout":"","ajax_search":"","header_background":"","theme_sidebar":"","instagram_feed":"","instagram_feed_position":"","popular_videos":"","popular_videos_title_1":"","popular_videos_title_2":"","popular_videos_ic":"","popular_videos_it":"","theme_background":"","page_custom_css":""}},"_links":{"self":[{"href":"https:\/\/xbanging.com\/de\/wp-json\/wp\/v2\/pages\/5477","targetHints":{"allow":["GET"]}}],"collection":[{"href":"https:\/\/xbanging.com\/de\/wp-json\/wp\/v2\/pages"}],"about":[{"href":"https:\/\/xbanging.com\/de\/wp-json\/wp\/v2\/types\/page"}],"author":[{"embeddable":true,"href":"https:\/\/xbanging.com\/de\/wp-json\/wp\/v2\/users\/1"}],"replies":[{"embeddable":true,"href":"https:\/\/xbanging.com\/de\/wp-json\/wp\/v2\/comments?post=5477"}],"version-history":[{"count":2,"href":"https:\/\/xbanging.com\/de\/wp-json\/wp\/v2\/pages\/5477\/revisions"}],"predecessor-version":[{"id":12555,"href":"https:\/\/xbanging.com\/de\/wp-json\/wp\/v2\/pages\/5477\/revisions\/12555"}],"wp:attachment":[{"href":"https:\/\/xbanging.com\/de\/wp-json\/wp\/v2\/media?parent=5477"}],"curies":[{"name":"wp","href":"https:\/\/api.w.org\/{rel}","templated":true}]}}