{"id":5479,"date":"2022-11-13T08:35:38","date_gmt":"2022-11-13T08:35:38","guid":{"rendered":"https:\/\/xbanging.com\/?page_id=5479"},"modified":"2025-01-24T20:58:50","modified_gmt":"2025-01-24T20:58:50","slug":"privacy-policy","status":"publish","type":"page","link":"https:\/\/xbanging.com\/de\/privacy-policy\/","title":{"rendered":"Datenschutzbestimmungen"},"content":{"rendered":"<p>https:\/\/xbanging.com ist der Schutz der Privatsph\u00e4re unserer Besucher eine unserer wichtigsten Priorit\u00e4ten. Diese Datenschutzerkl\u00e4rung enth\u00e4lt die Arten von Informationen, die von Xbanging gesammelt und aufgezeichnet werden, und wie wir sie verwenden.<\/p>\n<p>Wenn Sie weitere Fragen haben oder mehr Informationen \u00fcber unsere\u00a0<a href=\"https:\/\/en.wikipedia.org\/wiki\/Privacy_policy\">Datenschutzbestimmungen<\/a>z\u00f6gern Sie nicht, uns per E-Mail zu kontaktieren: hello@donnykingmedia.be<\/p>\n<p>Log-Dateien<br \/>\nEin Standardverfahren f\u00fcr die Verwendung von Protokolldateien folgt einem Standardverfahren. Diese Dateien protokollieren die Besuche von Besuchern auf Websites. Alle Hosting-Unternehmen tun dies und es ist Teil der Analyse der Hosting-Dienste. Zu den in den Protokolldateien gesammelten Informationen geh\u00f6ren Internetprotokolladressen (IP-Adressen), Browsertyp, Internetdienstanbieter (ISP), Datums- und Zeitstempel, Seiten, auf die verwiesen bzw. die abgerufen werden, und m\u00f6glicherweise die Anzahl der Klicks. Diese Daten werden nicht mit Informationen verkn\u00fcpft, die eine pers\u00f6nliche Identifizierung erm\u00f6glichen. Der Zweck dieser Informationen ist es, Trends zu analysieren, die Website zu verwalten, die Bewegungen der Nutzer auf der Website zu verfolgen und demografische Informationen zu sammeln.<\/p>\n<p>Cookies und Webbeacons<br \/>\nWie jede andere Website auch, verwendet Xbanging \"Cookies\". Diese Cookies werden verwendet, um Informationen zu speichern, einschlie\u00dflich der Pr\u00e4ferenzen der Besucher und der Seiten auf der Website, die der Besucher besucht oder besucht hat. Die Informationen werden verwendet, um die Benutzererfahrung zu optimieren, indem der Inhalt unserer Webseiten auf der Grundlage des Browsertyps des Besuchers und\/oder anderer Informationen angepasst wird.<\/p>\n<p>Unsere Werbepartner<br \/>\nEinige Werbepartner auf unserer Website k\u00f6nnen Cookies und Web Beacons verwenden. Unsere Werbepartner sind unten aufgef\u00fchrt. Jeder unserer Werbepartner hat seine eigenen Datenschutzrichtlinien f\u00fcr seine Nutzerdatenpolitik. Um den Zugang zu erleichtern, haben wir unten einen Hyperlink zu ihren Datenschutzrichtlinien eingerichtet.<\/p>\n<p>Google<\/p>\n<p>https:\/\/policies.google.com\/technologies\/ads<\/p>\n<p>Datenschutzbestimmungen<br \/>\nSie k\u00f6nnen diese Liste konsultieren, um die Datenschutzrichtlinien f\u00fcr jeden Xbanging-Werbepartner zu finden.<\/p>\n<p>Externe Werbeserver oder Werbenetzwerke verwenden Technologien wie Cookies, JavaScript oder Web Beacons, die in ihren jeweiligen Werbeanzeigen und Links, die auf GangbangNation erscheinen und direkt an die Browser der Nutzer gesendet werden. Sie erhalten automatisch Ihre IP-Adresse, wenn dies geschieht. Diese Technologien werden verwendet, um die Wirksamkeit ihrer Werbekampagnen zu messen und\/oder um die Werbeinhalte, die Sie auf den von Ihnen besuchten Websites sehen, zu personalisieren.<\/p>\n<p>Beachten Sie, dass Xbanging keinen Zugang zu oder Kontrolle \u00fcber diese Cookies hat, die von externen Werbetreibenden verwendet werden.<\/p>\n<p>Datenschutzbestimmungen von Dritten<br \/>\nDie Datenschutzpolitik von Xbanging gilt nicht f\u00fcr andere Werbetreibende oder Websites. Deshalb raten wir Ihnen, die jeweiligen Datenschutzrichtlinien dieser externen Werbeserver zu konsultieren, um genauere Informationen zu erhalten. Diese k\u00f6nnen deren Praktiken und Anweisungen zum Ausschluss bestimmter Optionen enthalten. Eine vollst\u00e4ndige Liste dieser Datenschutzrichtlinien und ihrer Links finden Sie hier: Datenschutzbestimmungen Links.<\/p>\n<p>Sie k\u00f6nnen Cookies \u00fcber Ihre individuellen Browseroptionen deaktivieren. Ausf\u00fchrlichere Informationen zur Cookie-Verwaltung mit bestimmten Webbrowsern finden Sie auf den jeweiligen Websites der Browser. Was sind Cookies?<\/p>\n<p>Informationen f\u00fcr Kinder<br \/>\nEin weiterer Teil unserer Priorit\u00e4t ist der Schutz der Kinder bei der Nutzung des Internets. Wir ermutigen Eltern und Betreuer, die Online-Aktivit\u00e4ten ihrer Kinder zu beobachten, sich daran zu beteiligen und\/oder sie zu \u00fcberwachen und zu beaufsichtigen.<\/p>\n<p>Xbanging sammelt nicht wissentlich personenbezogene Daten von Kindern unter 13 Jahren. Wenn Sie glauben, dass Ihr Kind diese Art von Daten auf unserer Website angegeben hat, empfehlen wir Ihnen dringend, uns sofort zu kontaktieren, und wir werden unser Bestes tun, um solche Daten sofort aus unseren Aufzeichnungen zu entfernen.<\/p>\n<p>Erlaubnis<br \/>\nDurch die Nutzung unserer Website erkl\u00e4ren Sie sich mit unserer Datenschutzpolitik einverstanden und stimmen den <a href=\"https:\/\/xbanging.com\/de\/terms-and-conditions\/\">Bedingungen und Konditionen.<\/a><\/p>","protected":false},"excerpt":{"rendered":"<p>https:\/\/xbanging.com, one of our most important priorities is the privacy of our visitors. This privacy policy document contains types of information collected and recorded by Xbanging and how we use it. If you have additional questions or want more information about our\u00a0privacy policy, do not hesitate to contact us via e-mail at hello@donnykingmedia.be Log files [&hellip;]<\/p>\n","protected":false},"author":1,"featured_media":0,"parent":0,"menu_order":0,"comment_status":"closed","ping_status":"closed","template":"","meta":{"footnotes":""},"class_list":["post-5479","page","type-page","status-publish","hentry"],"yoast_head":"<!-- This site is optimized with the Yoast SEO Premium plugin v26.4 (Yoast SEO v27.3) - https:\/\/yoast.com\/product\/yoast-seo-premium-wordpress\/ -->\n<title>Privacy Policy | Xbanging<\/title>\n<meta name=\"description\" content=\"If you have additional questions or need more information about our privacy policy, feel free to contact us at hello@donnykingmedia.be\" \/>\n<meta name=\"robots\" content=\"index, follow, max-snippet:-1, max-image-preview:large, max-video-preview:-1\" \/>\n<link rel=\"canonical\" href=\"https:\/\/xbanging.com\/de\/privacy-policy\/\" \/>\n<meta name=\"twitter:card\" content=\"summary_large_image\" \/>\n<meta name=\"twitter:title\" content=\"Privacy Policy | Xbanging\" \/>\n<meta name=\"twitter:description\" content=\"If you have additional questions or need more information about our privacy policy, feel free to contact us at hello@donnykingmedia.be\" \/>\n<meta name=\"twitter:label1\" content=\"Gesch\u00e4tzte Lesezeit\" \/>\n\t<meta name=\"twitter:data1\" content=\"3\u00a0Minuten\" \/>\n<script type=\"application\/ld+json\" class=\"yoast-schema-graph\">{\"@context\":\"https:\\\/\\\/schema.org\",\"@graph\":[{\"@type\":\"WebPage\",\"@id\":\"https:\\\/\\\/xbanging.com\\\/privacy-policy\\\/\",\"url\":\"https:\\\/\\\/xbanging.com\\\/privacy-policy\\\/\",\"name\":\"Privacy Policy | Xbanging\",\"isPartOf\":{\"@id\":\"https:\\\/\\\/xbanging.com\\\/#website\"},\"datePublished\":\"2022-11-13T08:35:38+00:00\",\"dateModified\":\"2025-01-24T20:58:50+00:00\",\"description\":\"If you have additional questions or need more information about our privacy policy, feel free to contact us at hello@donnykingmedia.be\",\"breadcrumb\":{\"@id\":\"https:\\\/\\\/xbanging.com\\\/privacy-policy\\\/#breadcrumb\"},\"inLanguage\":\"de\",\"potentialAction\":[{\"@type\":\"ReadAction\",\"target\":[\"https:\\\/\\\/xbanging.com\\\/privacy-policy\\\/\"]}]},{\"@type\":\"BreadcrumbList\",\"@id\":\"https:\\\/\\\/xbanging.com\\\/privacy-policy\\\/#breadcrumb\",\"itemListElement\":[{\"@type\":\"ListItem\",\"position\":1,\"name\":\"Home\",\"item\":\"https:\\\/\\\/xbanging.com\\\/\"},{\"@type\":\"ListItem\",\"position\":2,\"name\":\"Privacy policy\"}]},{\"@type\":\"WebSite\",\"@id\":\"https:\\\/\\\/xbanging.com\\\/#website\",\"url\":\"https:\\\/\\\/xbanging.com\\\/\",\"name\":\"XBANGING\",\"description\":\"\",\"publisher\":{\"@id\":\"https:\\\/\\\/xbanging.com\\\/#organization\"},\"potentialAction\":[{\"@type\":\"SearchAction\",\"target\":{\"@type\":\"EntryPoint\",\"urlTemplate\":\"https:\\\/\\\/xbanging.com\\\/?s={search_term_string}\"},\"query-input\":{\"@type\":\"PropertyValueSpecification\",\"valueRequired\":true,\"valueName\":\"search_term_string\"}}],\"inLanguage\":\"de\"},{\"@type\":\"Organization\",\"@id\":\"https:\\\/\\\/xbanging.com\\\/#organization\",\"name\":\"XBANGING\",\"url\":\"https:\\\/\\\/xbanging.com\\\/\",\"logo\":{\"@type\":\"ImageObject\",\"inLanguage\":\"de\",\"@id\":\"https:\\\/\\\/xbanging.com\\\/#\\\/schema\\\/logo\\\/image\\\/\",\"url\":\"https:\\\/\\\/xbanging.com\\\/wp-content\\\/uploads\\\/2022\\\/11\\\/xbanging-logo-300px.png\",\"contentUrl\":\"https:\\\/\\\/xbanging.com\\\/wp-content\\\/uploads\\\/2022\\\/11\\\/xbanging-logo-300px.png\",\"width\":300,\"height\":94,\"caption\":\"XBANGING\"},\"image\":{\"@id\":\"https:\\\/\\\/xbanging.com\\\/#\\\/schema\\\/logo\\\/image\\\/\"}}]}<\/script>\n<!-- \/ Yoast SEO Premium plugin. -->","yoast_head_json":{"title":"Privacy Policy | Xbanging","description":"If you have additional questions or need more information about our privacy policy, feel free to contact us at hello@donnykingmedia.be","robots":{"index":"index","follow":"follow","max-snippet":"max-snippet:-1","max-image-preview":"max-image-preview:large","max-video-preview":"max-video-preview:-1"},"canonical":"https:\/\/xbanging.com\/de\/privacy-policy\/","twitter_card":"summary_large_image","twitter_title":"Privacy Policy | Xbanging","twitter_description":"If you have additional questions or need more information about our privacy policy, feel free to contact us at hello@donnykingmedia.be","twitter_misc":{"Gesch\u00e4tzte Lesezeit":"3\u00a0Minuten"},"schema":{"@context":"https:\/\/schema.org","@graph":[{"@type":"WebPage","@id":"https:\/\/xbanging.com\/privacy-policy\/","url":"https:\/\/xbanging.com\/privacy-policy\/","name":"Privacy Policy | Xbanging","isPartOf":{"@id":"https:\/\/xbanging.com\/#website"},"datePublished":"2022-11-13T08:35:38+00:00","dateModified":"2025-01-24T20:58:50+00:00","description":"If you have additional questions or need more information about our privacy policy, feel free to contact us at hello@donnykingmedia.be","breadcrumb":{"@id":"https:\/\/xbanging.com\/privacy-policy\/#breadcrumb"},"inLanguage":"de","potentialAction":[{"@type":"ReadAction","target":["https:\/\/xbanging.com\/privacy-policy\/"]}]},{"@type":"BreadcrumbList","@id":"https:\/\/xbanging.com\/privacy-policy\/#breadcrumb","itemListElement":[{"@type":"ListItem","position":1,"name":"Home","item":"https:\/\/xbanging.com\/"},{"@type":"ListItem","position":2,"name":"Privacy policy"}]},{"@type":"WebSite","@id":"https:\/\/xbanging.com\/#website","url":"https:\/\/xbanging.com\/","name":"XBANGING","description":"","publisher":{"@id":"https:\/\/xbanging.com\/#organization"},"potentialAction":[{"@type":"SearchAction","target":{"@type":"EntryPoint","urlTemplate":"https:\/\/xbanging.com\/?s={search_term_string}"},"query-input":{"@type":"PropertyValueSpecification","valueRequired":true,"valueName":"search_term_string"}}],"inLanguage":"de"},{"@type":"Organization","@id":"https:\/\/xbanging.com\/#organization","name":"XBANGING","url":"https:\/\/xbanging.com\/","logo":{"@type":"ImageObject","inLanguage":"de","@id":"https:\/\/xbanging.com\/#\/schema\/logo\/image\/","url":"https:\/\/xbanging.com\/wp-content\/uploads\/2022\/11\/xbanging-logo-300px.png","contentUrl":"https:\/\/xbanging.com\/wp-content\/uploads\/2022\/11\/xbanging-logo-300px.png","width":300,"height":94,"caption":"XBANGING"},"image":{"@id":"https:\/\/xbanging.com\/#\/schema\/logo\/image\/"}}]}},"jetpack_sharing_enabled":true,"cmb2":{"page_slider_settings":{"display_slider_group":"no","page_slider_group":[{"layout":"slider-1","post_type":"post","order_by":"date","order":"DESC","display_categories":"yes","display_author":"yes","display_date":"yes","display_comment_count":"yes","display_view_count":"yes","display_like_count":"yes","display_dislike_count":"yes","fade":"no"}]},"blog_page_settings":{"blog_page_title":"","blog_page_heading":"off","blog_page_advance_search":"off","blog_page_ic":"","blog_page_it":"","blog_page_ec":"","blog_page_ip":"","blog_page_advance_search_id":"","archive_loop_style":"list-blog","blog_image_ratio":"","blog_show_categories":"on","blog_show_excerpt":"on","blog_show_author":"on","blog_show_date":"on","blog_show_comment_count":"on","blog_show_view_count":"on","blog_show_like_count":"on","blog_show_dislike_count":"on","blog_items_per_page":"10","blog_pag_type":"wp-default"},"page_options":{"get_page_template":"","color_mode":"","main_layout":"","main_layout_full_with":"","main_logo":"","main_logo_id":"","main_logo_retina":"","main_logo_retina_id":"","main_logo_mobile":"","main_logo_mobile_id":"","main_logo_mobile_retina":"","main_logo_mobile_retina_id":"","sticky_logo":"","sticky_logo_id":"","sticky_logo_retina":"","sticky_logo_retina_id":"","main_nav_layout":"","ajax_search":"","header_background":"","theme_sidebar":"","instagram_feed":"","instagram_feed_position":"","popular_videos":"","popular_videos_title_1":"","popular_videos_title_2":"","popular_videos_ic":"","popular_videos_it":"","theme_background":"","page_custom_css":""}},"_links":{"self":[{"href":"https:\/\/xbanging.com\/de\/wp-json\/wp\/v2\/pages\/5479","targetHints":{"allow":["GET"]}}],"collection":[{"href":"https:\/\/xbanging.com\/de\/wp-json\/wp\/v2\/pages"}],"about":[{"href":"https:\/\/xbanging.com\/de\/wp-json\/wp\/v2\/types\/page"}],"author":[{"embeddable":true,"href":"https:\/\/xbanging.com\/de\/wp-json\/wp\/v2\/users\/1"}],"replies":[{"embeddable":true,"href":"https:\/\/xbanging.com\/de\/wp-json\/wp\/v2\/comments?post=5479"}],"version-history":[{"count":1,"href":"https:\/\/xbanging.com\/de\/wp-json\/wp\/v2\/pages\/5479\/revisions"}],"predecessor-version":[{"id":12548,"href":"https:\/\/xbanging.com\/de\/wp-json\/wp\/v2\/pages\/5479\/revisions\/12548"}],"wp:attachment":[{"href":"https:\/\/xbanging.com\/de\/wp-json\/wp\/v2\/media?parent=5479"}],"curies":[{"name":"wp","href":"https:\/\/api.w.org\/{rel}","templated":true}]}}