{"id":5473,"date":"2022-11-13T07:56:26","date_gmt":"2022-11-13T07:56:26","guid":{"rendered":"https:\/\/xbanging.com\/?page_id=5473"},"modified":"2025-01-29T09:28:08","modified_gmt":"2025-01-29T09:28:08","slug":"terms-and-conditions","status":"publish","type":"page","link":"https:\/\/xbanging.com\/fr\/terms-and-conditions\/","title":{"rendered":"Conditions g\u00e9n\u00e9rales d'utilisation"},"content":{"rendered":"<h2 data-pm-slice=\"1 1 []\">Conditions d'utilisation de Xbanging.com<\/h2>\n<p data-pm-slice=\"1 1 []\"><strong>Conditions d'utilisation de Xbanging.com<\/strong><\/p>\n<p><strong>Bienvenue sur Xbanging !<\/strong><br \/>\nXbanging.com est une marque exploit\u00e9e par :<br \/>\n<strong>Donder &amp; Bliksem B.V.<\/strong><br \/>\nWaterpolder 2A<br \/>\n9992 Maldegem, Belgique<br \/>\nNum\u00e9ro KBO : 0790.852.480<br \/>\nNum\u00e9ro de TVA : BE0790.852.480<br \/>\nT\u00e9l\u00e9phone : +32 468 35 97 83 +32 468 35 97 83<br \/>\nCourriel : <a>hello@donnykingmedia.be<\/a><\/p>\n<p>En acc\u00e9dant \u00e0 Xbanging.com et en t\u00e9l\u00e9chargeant le contenu de notre site Web, vous acceptez les modalit\u00e9s et conditions suivantes. Si vous n'acceptez pas ces conditions, vous devez vous abstenir d'utiliser notre site Web et nos services.<\/p>\n<div>\n<hr \/>\n<\/div>\n<h3><strong>1. D\u00e9finitions<\/strong><\/h3>\n<ul data-spread=\"false\">\n<li><strong>\"Vous\", \"Utilisateur\", \"Votre\"<\/strong>: D\u00e9signe la personne qui acc\u00e8de au site Web et qui utilise les produits et services de Xbanging.<\/li>\n<li><strong>\"Nous\", \"Us\", \"Our\", \"Xbanging\"<\/strong>: Concerne Xbanging.com et Donder &amp; Bliksem B.V.<\/li>\n<li><strong>\"Site web\"<\/strong>: Se r\u00e9f\u00e8re \u00e0 Xbanging.com et \u00e0 toutes les pages web qui y sont li\u00e9es.<\/li>\n<li><strong>\"Contenu\"<\/strong>: D\u00e9signe tout produit num\u00e9rique disponible au t\u00e9l\u00e9chargement sur notre site web, y compris les films, les vid\u00e9os, les bandes-annonces, les images et les m\u00e9dias connexes.<\/li>\n<li><strong>\"Services\"<\/strong>: D\u00e9signe tous les services fournis par Xbanging.com, y compris le site Web, les t\u00e9l\u00e9chargements et l'assistance.<\/li>\n<\/ul>\n<div>\n<hr \/>\n<\/div>\n<h3><strong>2. La propri\u00e9t\u00e9 intellectuelle<\/strong><\/h3>\n<p>Tout le contenu de Xbanging.com est prot\u00e9g\u00e9 par des droits d'auteur et d'autres lois sur la propri\u00e9t\u00e9 intellectuelle. Le contenu est fourni pour <strong>usage personnel et non commercial uniquement<\/strong>. Il est interdit de copier, de reproduire, de distribuer ou d'exploiter tout contenu du site Web sans l'autorisation explicite de Xbanging.<\/p>\n<p>La violation de nos droits de propri\u00e9t\u00e9 intellectuelle peut donner lieu \u00e0 des poursuites judiciaires.<\/p>\n<div>\n<hr \/>\n<\/div>\n<h3><strong>3. Obligations de l'utilisateur<\/strong><\/h3>\n<p>En utilisant Xbanging.com, vous acceptez de :<\/p>\n<ul data-spread=\"false\">\n<li>Utiliser le site web et son contenu pour <strong>personnel, non commercial<\/strong> uniquement.<\/li>\n<li>Ne pas partager, vendre ou distribuer le contenu t\u00e9l\u00e9charg\u00e9.<\/li>\n<li>Respecter les droits de propri\u00e9t\u00e9 intellectuelle de Xbanging et de ses cr\u00e9ateurs de contenu.<\/li>\n<li>Ne pas utiliser le site web pour des activit\u00e9s ill\u00e9gales.<\/li>\n<\/ul>\n<div>\n<hr \/>\n<\/div>\n<h3><strong>4. Utilisation du contenu<\/strong><\/h3>\n<p>Xbanging fournit <strong>contenu destin\u00e9 aux adultes<\/strong>. En acc\u00e9dant \u00e0 notre site web, vous certifiez que :<\/p>\n<ul data-spread=\"false\">\n<li>Vous \u00eates <strong>\u00eatre \u00e2g\u00e9 d'au moins 18 ans<\/strong>.<\/li>\n<li>Vous \u00eates conscient que le contenu est explicite et destin\u00e9 \u00e0 un public adulte.<\/li>\n<li>Vous ne partagerez pas le contenu avec des personnes \u00e2g\u00e9es de moins de 18 ans.<\/li>\n<\/ul>\n<div>\n<hr \/>\n<\/div>\n<h3><strong>5. Responsabilit\u00e9<\/strong><\/h3>\n<p>Xbanging.com n'est pas responsable de :<\/p>\n<ul data-spread=\"false\">\n<li>Tout dommage \u00e0 votre appareil ou \u00e0 vos donn\u00e9es r\u00e9sultant des t\u00e9l\u00e9chargements.<\/li>\n<li>Les liens ou sites web de tiers auxquels notre site web donne acc\u00e8s.<\/li>\n<li>Perte de donn\u00e9es ou acc\u00e8s non autoris\u00e9 \u00e0 votre compte.<\/li>\n<li>Tout probl\u00e8me de sant\u00e9 li\u00e9 \u00e0 la participation \u00e0 l'\u00e9v\u00e9nement.<\/li>\n<\/ul>\n<p>L'utilisation du site web est <strong>\u00e0 vos risques et p\u00e9rils<\/strong>. Xbanging.com est fourni <strong>\"en l'\u00e9tat\"<\/strong> sans aucune garantie, expresse ou implicite.<\/p>\n<div>\n<hr \/>\n<\/div>\n<h3><strong>6. Liens avec des tiers<\/strong><\/h3>\n<p>Notre site web peut contenir des liens vers des sites web de tiers. Nous ne sommes pas responsables des pratiques en mati\u00e8re de protection de la vie priv\u00e9e, du contenu ou des services offerts par ces sites externes. Les utilisateurs doivent consulter les politiques de confidentialit\u00e9 des sites tiers qu'ils visitent.<\/p>\n<div>\n<hr \/>\n<\/div>\n<h3><strong>7. Politique de remboursement et de retrait<\/strong><\/h3>\n<h4><strong>Contenu num\u00e9rique<\/strong><\/h4>\n<p>Xbanging.com propose <strong>contenu num\u00e9rique<\/strong> qui ne peuvent \u00eatre restitu\u00e9s une fois qu'ils ont \u00e9t\u00e9 consult\u00e9s ou t\u00e9l\u00e9charg\u00e9s. Par cons\u00e9quent, <strong>nous n'offrons pas de remboursement pour les produits t\u00e9l\u00e9charg\u00e9s<\/strong>.<\/p>\n<h4><strong>Billets d'\u00e9v\u00e9nements<\/strong><\/h4>\n<p>Les billets d'\u00e9v\u00e9nements (par exemple, les billets de gangbang) sont g\u00e9n\u00e9ralement <strong>non remboursable<\/strong> et <strong>non transf\u00e9rable<\/strong>. Une fois le billet achet\u00e9, la vente est d\u00e9finitive.<\/p>\n<h4><strong>Exception pour les manifestations ayant fait l'objet d'un test complet<\/strong><\/h4>\n<p>Pour les \u00e9v\u00e9nements qui n\u00e9cessitent <strong>d\u00e9pistage complet des IST<\/strong> avant la participation, un remboursement sera accord\u00e9 <strong>seulement si le participant est test\u00e9 positif pour une IST<\/strong>Les personnes concern\u00e9es ne peuvent donc pas assister \u00e0 la r\u00e9union. Dans ce cas :<\/p>\n<ul data-spread=\"false\">\n<li>Le participant doit fournir des informations valables et v\u00e9rifiables <strong>les r\u00e9sultats d'un test effectu\u00e9 par un prestataire m\u00e9dical accr\u00e9dit\u00e9<\/strong>.<\/li>\n<li>Les demandes de remboursement doivent \u00eatre soumises <strong>au moins 24 heures avant l'\u00e9v\u00e9nement<\/strong> \u00e0 <a><strong>hello@donnykingmedia.be<\/strong><\/a>.<\/li>\n<\/ul>\n<p>Nous le faisons <strong>pas<\/strong> offrir des remboursements pour d'autres raisons, y compris les annulations dues \u00e0 des circonstances personnelles.<\/p>\n<div>\n<hr \/>\n<\/div>\n<h3><strong>8. Politique de protection de la vie priv\u00e9e<\/strong><\/h3>\n<p>Nous respectons votre vie priv\u00e9e et traitons vos informations personnelles conform\u00e9ment aux lois applicables en mati\u00e8re de protection des donn\u00e9es. Pour plus de d\u00e9tails, veuillez consulter notre <strong>Politique de confidentialit\u00e9<\/strong> disponible sur le site web.<\/p>\n<div>\n<hr \/>\n<\/div>\n<h3><strong>9. Clause de non-responsabilit\u00e9 en mati\u00e8re de sant\u00e9 et de s\u00e9curit\u00e9<\/strong><\/h3>\n<p>Pour les \u00e9preuves compl\u00e8tes, tous les participants sont responsables de leurs <strong>ses propres d\u00e9pistages de sant\u00e9<\/strong> et de s'assurer qu'ils r\u00e9pondent aux exigences de l'\u00e9v\u00e9nement. Xbanging fait <strong>pas<\/strong> fournir des conseils m\u00e9dicaux ou des garanties concernant l'\u00e9tat de sant\u00e9 des autres participants.<\/p>\n<p>Pour les \u00e9v\u00e9nements avec tests sur place, les participants seront test\u00e9s \u00e0 la porte pour les \u00e9l\u00e9ments suivants <strong>VIH et syphilis<\/strong> avant l'entr\u00e9e. Ces \u00e9v\u00e9nements ne requi\u00e8rent pas de test IST pr\u00e9alable, mais les participants doivent se conformer aux proc\u00e9dures de d\u00e9pistage sur place pour y avoir acc\u00e8s.<\/p>\n<div>\n<hr \/>\n<\/div>\n<h3><strong>10. Retour d'information<\/strong><\/h3>\n<p>Nous accueillons volontiers vos commentaires et suggestions afin d'am\u00e9liorer notre site web et nos services. Vous pouvez envoyer vos commentaires \u00e0 <a><strong>hello@donnykingmedia.be<\/strong><\/a>.<\/p>\n<div>\n<hr \/>\n<\/div>\n<h3><strong>11. R\u00e8glement des litiges et droit applicable<\/strong><\/h3>\n<p>Les pr\u00e9sentes conditions sont r\u00e9gies par la <strong>lois de la Belgique<\/strong>. Tout litige d\u00e9coulant de l'utilisation de Xbanging.com sera soumis \u00e0 la juridiction de la Cour supr\u00eame du Canada. <strong>tribunaux de Gand, Flandre orientale, Belgique<\/strong>.<\/p>\n<div>\n<hr \/>\n<\/div>\n<h3><strong>12. Mises \u00e0 jour des conditions g\u00e9n\u00e9rales<\/strong><\/h3>\n<p>Xbanging se r\u00e9serve le droit de mettre \u00e0 jour les pr\u00e9sentes conditions en tout temps. La version la plus r\u00e9cente sera toujours disponible sur notre site Web. Les utilisateurs sont encourag\u00e9s \u00e0 consulter r\u00e9guli\u00e8rement ces conditions.<\/p>\n<div>\n<hr \/>\n<\/div>\n<h3><strong>13. Informations sur les contacts<\/strong><\/h3>\n<p>Pour toute question concernant les pr\u00e9sentes conditions g\u00e9n\u00e9rales, vous pouvez nous contacter \u00e0 l'adresse suivante :<br \/>\n<strong>Donder &amp; Bliksem B.V.<\/strong><br \/>\nWaterpolder 2A<br \/>\n9992 Maldegem, Belgique<br \/>\nCourriel : <a>hello@donnykingmedia.be<\/a><br \/>\nT\u00e9l\u00e9phone : +32 468 35 97 83 +32 468 35 97 83<\/p>\n<p>En utilisant Xbanging.com, vous reconnaissez avoir lu, compris et accept\u00e9 les pr\u00e9sentes conditions.<\/p>","protected":false},"excerpt":{"rendered":"<p>Terms and Conditions for Xbanging.com Terms and Conditions for Xbanging.com Welcome to Xbanging! Xbanging.com is a brand operated by: Donder &amp; Bliksem B.V. Waterpolder 2A 9992 Maldegem, Belgium KBO Number: 0790.852.480 VAT Number: BE0790.852.480 Phone: +32 468 35 97 83 Email: hello@donnykingmedia.be By accessing Xbanging.com and downloading content from our website, you agree to the [&hellip;]<\/p>\n","protected":false},"author":1,"featured_media":0,"parent":0,"menu_order":0,"comment_status":"closed","ping_status":"closed","template":"","meta":{"footnotes":""},"class_list":["post-5473","page","type-page","status-publish","hentry"],"yoast_head":"<!-- This site is optimized with the Yoast SEO Premium plugin v26.4 (Yoast SEO v27.3) - https:\/\/yoast.com\/product\/yoast-seo-premium-wordpress\/ -->\n<title>Terms and Conditions | Xbanging<\/title>\n<meta name=\"description\" content=\"By accessing Xbanging.com and downloading content from our website, you agree to the following Terms and Conditions. If you do not agree...\" \/>\n<meta name=\"robots\" content=\"index, follow, max-snippet:-1, max-image-preview:large, max-video-preview:-1\" \/>\n<link rel=\"canonical\" href=\"https:\/\/xbanging.com\/fr\/terms-and-conditions\/\" \/>\n<meta name=\"twitter:card\" content=\"summary_large_image\" \/>\n<meta name=\"twitter:title\" content=\"Terms and Conditions | Xbanging\" \/>\n<meta name=\"twitter:description\" content=\"By accessing Xbanging.com and downloading content from our website, you agree to the following Terms and Conditions. If you do not agree...\" \/>\n<meta name=\"twitter:label1\" content=\"Dur\u00e9e de lecture estim\u00e9e\" \/>\n\t<meta name=\"twitter:data1\" content=\"4 minutes\" \/>\n<script type=\"application\/ld+json\" class=\"yoast-schema-graph\">{\"@context\":\"https:\\\/\\\/schema.org\",\"@graph\":[{\"@type\":\"WebPage\",\"@id\":\"https:\\\/\\\/xbanging.com\\\/terms-and-conditions\\\/\",\"url\":\"https:\\\/\\\/xbanging.com\\\/terms-and-conditions\\\/\",\"name\":\"Terms and Conditions | Xbanging\",\"isPartOf\":{\"@id\":\"https:\\\/\\\/xbanging.com\\\/#website\"},\"datePublished\":\"2022-11-13T07:56:26+00:00\",\"dateModified\":\"2025-01-29T09:28:08+00:00\",\"description\":\"By accessing Xbanging.com and downloading content from our website, you agree to the following Terms and Conditions. If you do not agree...\",\"breadcrumb\":{\"@id\":\"https:\\\/\\\/xbanging.com\\\/terms-and-conditions\\\/#breadcrumb\"},\"inLanguage\":\"fr-FR\",\"potentialAction\":[{\"@type\":\"ReadAction\",\"target\":[\"https:\\\/\\\/xbanging.com\\\/terms-and-conditions\\\/\"]}]},{\"@type\":\"BreadcrumbList\",\"@id\":\"https:\\\/\\\/xbanging.com\\\/terms-and-conditions\\\/#breadcrumb\",\"itemListElement\":[{\"@type\":\"ListItem\",\"position\":1,\"name\":\"Home\",\"item\":\"https:\\\/\\\/xbanging.com\\\/\"},{\"@type\":\"ListItem\",\"position\":2,\"name\":\"Terms and Conditions\"}]},{\"@type\":\"WebSite\",\"@id\":\"https:\\\/\\\/xbanging.com\\\/#website\",\"url\":\"https:\\\/\\\/xbanging.com\\\/\",\"name\":\"XBANGING\",\"description\":\"\",\"publisher\":{\"@id\":\"https:\\\/\\\/xbanging.com\\\/#organization\"},\"potentialAction\":[{\"@type\":\"SearchAction\",\"target\":{\"@type\":\"EntryPoint\",\"urlTemplate\":\"https:\\\/\\\/xbanging.com\\\/?s={search_term_string}\"},\"query-input\":{\"@type\":\"PropertyValueSpecification\",\"valueRequired\":true,\"valueName\":\"search_term_string\"}}],\"inLanguage\":\"fr-FR\"},{\"@type\":\"Organization\",\"@id\":\"https:\\\/\\\/xbanging.com\\\/#organization\",\"name\":\"XBANGING\",\"url\":\"https:\\\/\\\/xbanging.com\\\/\",\"logo\":{\"@type\":\"ImageObject\",\"inLanguage\":\"fr-FR\",\"@id\":\"https:\\\/\\\/xbanging.com\\\/#\\\/schema\\\/logo\\\/image\\\/\",\"url\":\"https:\\\/\\\/xbanging.com\\\/wp-content\\\/uploads\\\/2022\\\/11\\\/xbanging-logo-300px.png\",\"contentUrl\":\"https:\\\/\\\/xbanging.com\\\/wp-content\\\/uploads\\\/2022\\\/11\\\/xbanging-logo-300px.png\",\"width\":300,\"height\":94,\"caption\":\"XBANGING\"},\"image\":{\"@id\":\"https:\\\/\\\/xbanging.com\\\/#\\\/schema\\\/logo\\\/image\\\/\"}}]}<\/script>\n<!-- \/ Yoast SEO Premium plugin. -->","yoast_head_json":{"title":"Terms and Conditions | Xbanging","description":"By accessing Xbanging.com and downloading content from our website, you agree to the following Terms and Conditions. If you do not agree...","robots":{"index":"index","follow":"follow","max-snippet":"max-snippet:-1","max-image-preview":"max-image-preview:large","max-video-preview":"max-video-preview:-1"},"canonical":"https:\/\/xbanging.com\/fr\/terms-and-conditions\/","twitter_card":"summary_large_image","twitter_title":"Terms and Conditions | Xbanging","twitter_description":"By accessing Xbanging.com and downloading content from our website, you agree to the following Terms and Conditions. If you do not agree...","twitter_misc":{"Dur\u00e9e de lecture estim\u00e9e":"4 minutes"},"schema":{"@context":"https:\/\/schema.org","@graph":[{"@type":"WebPage","@id":"https:\/\/xbanging.com\/terms-and-conditions\/","url":"https:\/\/xbanging.com\/terms-and-conditions\/","name":"Terms and Conditions | Xbanging","isPartOf":{"@id":"https:\/\/xbanging.com\/#website"},"datePublished":"2022-11-13T07:56:26+00:00","dateModified":"2025-01-29T09:28:08+00:00","description":"By accessing Xbanging.com and downloading content from our website, you agree to the following Terms and Conditions. If you do not agree...","breadcrumb":{"@id":"https:\/\/xbanging.com\/terms-and-conditions\/#breadcrumb"},"inLanguage":"fr-FR","potentialAction":[{"@type":"ReadAction","target":["https:\/\/xbanging.com\/terms-and-conditions\/"]}]},{"@type":"BreadcrumbList","@id":"https:\/\/xbanging.com\/terms-and-conditions\/#breadcrumb","itemListElement":[{"@type":"ListItem","position":1,"name":"Home","item":"https:\/\/xbanging.com\/"},{"@type":"ListItem","position":2,"name":"Terms and Conditions"}]},{"@type":"WebSite","@id":"https:\/\/xbanging.com\/#website","url":"https:\/\/xbanging.com\/","name":"XBANGING","description":"","publisher":{"@id":"https:\/\/xbanging.com\/#organization"},"potentialAction":[{"@type":"SearchAction","target":{"@type":"EntryPoint","urlTemplate":"https:\/\/xbanging.com\/?s={search_term_string}"},"query-input":{"@type":"PropertyValueSpecification","valueRequired":true,"valueName":"search_term_string"}}],"inLanguage":"fr-FR"},{"@type":"Organization","@id":"https:\/\/xbanging.com\/#organization","name":"XBANGING","url":"https:\/\/xbanging.com\/","logo":{"@type":"ImageObject","inLanguage":"fr-FR","@id":"https:\/\/xbanging.com\/#\/schema\/logo\/image\/","url":"https:\/\/xbanging.com\/wp-content\/uploads\/2022\/11\/xbanging-logo-300px.png","contentUrl":"https:\/\/xbanging.com\/wp-content\/uploads\/2022\/11\/xbanging-logo-300px.png","width":300,"height":94,"caption":"XBANGING"},"image":{"@id":"https:\/\/xbanging.com\/#\/schema\/logo\/image\/"}}]}},"jetpack_sharing_enabled":true,"cmb2":{"page_slider_settings":{"display_slider_group":"no","page_slider_group":[{"layout":"slider-1","post_type":"post","order_by":"date","order":"DESC","display_categories":"yes","display_author":"yes","display_date":"yes","display_comment_count":"yes","display_view_count":"yes","display_like_count":"yes","display_dislike_count":"yes","fade":"no"}]},"blog_page_settings":{"blog_page_title":"","blog_page_heading":"off","blog_page_advance_search":"off","blog_page_ic":"","blog_page_it":"","blog_page_ec":"","blog_page_ip":"","blog_page_advance_search_id":"","archive_loop_style":"list-blog","blog_image_ratio":"","blog_show_categories":"on","blog_show_excerpt":"on","blog_show_author":"on","blog_show_date":"on","blog_show_comment_count":"on","blog_show_view_count":"on","blog_show_like_count":"on","blog_show_dislike_count":"on","blog_items_per_page":"10","blog_pag_type":"wp-default"},"page_options":{"get_page_template":"","color_mode":"","main_layout":"","main_layout_full_with":"","main_logo":"","main_logo_id":"","main_logo_retina":"","main_logo_retina_id":"","main_logo_mobile":"","main_logo_mobile_id":"","main_logo_mobile_retina":"","main_logo_mobile_retina_id":"","sticky_logo":"","sticky_logo_id":"","sticky_logo_retina":"","sticky_logo_retina_id":"","main_nav_layout":"","ajax_search":"","header_background":"","theme_sidebar":"","instagram_feed":"","instagram_feed_position":"","popular_videos":"","popular_videos_title_1":"","popular_videos_title_2":"","popular_videos_ic":"","popular_videos_it":"","theme_background":"","page_custom_css":""}},"_links":{"self":[{"href":"https:\/\/xbanging.com\/fr\/wp-json\/wp\/v2\/pages\/5473","targetHints":{"allow":["GET"]}}],"collection":[{"href":"https:\/\/xbanging.com\/fr\/wp-json\/wp\/v2\/pages"}],"about":[{"href":"https:\/\/xbanging.com\/fr\/wp-json\/wp\/v2\/types\/page"}],"author":[{"embeddable":true,"href":"https:\/\/xbanging.com\/fr\/wp-json\/wp\/v2\/users\/1"}],"replies":[{"embeddable":true,"href":"https:\/\/xbanging.com\/fr\/wp-json\/wp\/v2\/comments?post=5473"}],"version-history":[{"count":0,"href":"https:\/\/xbanging.com\/fr\/wp-json\/wp\/v2\/pages\/5473\/revisions"}],"wp:attachment":[{"href":"https:\/\/xbanging.com\/fr\/wp-json\/wp\/v2\/media?parent=5473"}],"curies":[{"name":"wp","href":"https:\/\/api.w.org\/{rel}","templated":true}]}}