{"id":5477,"date":"2022-11-13T08:33:23","date_gmt":"2022-11-13T08:33:23","guid":{"rendered":"https:\/\/xbanging.com\/?page_id=5477"},"modified":"2025-09-29T07:26:33","modified_gmt":"2025-09-29T07:26:33","slug":"cookie-policy","status":"publish","type":"page","link":"https:\/\/xbanging.com\/fr\/cookie-policy\/","title":{"rendered":"Politique en mati\u00e8re de cookies"},"content":{"rendered":"<h2 class=\"ai-optimize-6\">Politique en mati\u00e8re de cookies<\/h2>\n<h3 class=\"ai-optimize-7\">Il s'agit de la politique en mati\u00e8re de cookies de Xbanging.<\/h3>\n<p class=\"ai-optimize-8 ai-optimize-introduction\">Comme presque tous les sites web professionnels, ce site utilise des cookies, de petits fichiers qui sont t\u00e9l\u00e9charg\u00e9s sur votre ordinateur pour am\u00e9liorer votre exp\u00e9rience. Cette page d\u00e9crit les informations qu'ils recueillent, comment nous les utilisons et pourquoi nous devons parfois stocker ces cookies. Nous vous expliquons \u00e9galement comment vous pouvez emp\u00eacher le stockage de ces cookies, mais cela peut entra\u00eener une d\u00e9gradation ou une interruption de certains \u00e9l\u00e9ments de la fonctionnalit\u00e9 du site.<\/p>\n<p class=\"ai-optimize-9\">Pour plus d'informations <a href=\"https:\/\/en.wikipedia.org\/wiki\/General_Data_Protection_Regulation\">informations g\u00e9n\u00e9rales<\/a> sur les cookies, voir l'article de Wikip\u00e9dia sur les cookies HTTP.<\/p>\n<p class=\"ai-optimize-10\">Comment nous utilisons les cookies<\/p>\n<p class=\"ai-optimize-11\">Nous utilisons des cookies pour diverses raisons qui sont d\u00e9crites ci-dessous. Malheureusement, dans la plupart des cas, il n'existe pas d'options standard pour d\u00e9sactiver les cookies sans d\u00e9sactiver compl\u00e8tement la fonctionnalit\u00e9 et les fonctions qu'ils ajoutent \u00e0 ce site. Il est conseill\u00e9 de laisser tous les cookies si vous n'\u00eates pas s\u00fbr d'en avoir besoin ou non, s'ils sont utilis\u00e9s pour fournir un service que vous utilisez.<\/p>\n<p class=\"ai-optimize-12\">D\u00e9sactiver les cookies<\/p>\n<p class=\"ai-optimize-13\">Vous pouvez emp\u00eacher l'installation de cookies en ajustant les param\u00e8tres de votre navigateur (voir l'aide de votre navigateur pour plus d'informations). Veuillez noter que la d\u00e9sactivation des cookies affecte la fonctionnalit\u00e9 de ce site et de nombreux autres sites web que vous visitez. La d\u00e9sactivation des cookies entra\u00eene g\u00e9n\u00e9ralement la d\u00e9sactivation de certaines fonctionnalit\u00e9s et fonctions de ce site. Il est donc recommand\u00e9 de ne pas d\u00e9sactiver les cookies.<\/p>\n<p class=\"ai-optimize-14\">Les cookies que nous pla\u00e7ons<\/p>\n<p class=\"ai-optimize-15\">Cookies li\u00e9s au compte<\/p>\n<p class=\"ai-optimize-16\">Lorsque vous cr\u00e9ez un compte chez nous, nous utilisons des cookies pour g\u00e9rer le processus d'enregistrement et l'administration g\u00e9n\u00e9rale. Ces cookies sont g\u00e9n\u00e9ralement supprim\u00e9s lorsque vous vous d\u00e9connectez, mais dans certains cas, ils restent en place pour se souvenir de vos pr\u00e9f\u00e9rences sur le site lorsque vous vous d\u00e9connectez.<\/p>\n<p class=\"ai-optimize-17\">Cookies de tiers<\/p>\n<p class=\"ai-optimize-18\">Dans certains cas particuliers, nous utilisons \u00e9galement des cookies propos\u00e9s par des tiers de confiance. La section suivante d\u00e9crit les cookies externes que vous pouvez rencontrer sur ce site.<\/p>\n<p class=\"ai-optimize-19\">L'analyse par des tiers est utilis\u00e9e pour suivre et mesurer l'utilisation de ce site afin que nous puissions continuer \u00e0 produire un contenu attrayant. Ces cookies permettent de savoir, par exemple, combien de temps vous passez sur le site ou quelles pages vous visitez, afin de mieux comprendre comment nous pouvons am\u00e9liorer le site pour vous.<\/p>\n<p class=\"ai-optimize-20\">Plus d'informations<\/p>\n<p class=\"ai-optimize-21\">Nous esp\u00e9rons avoir clarifi\u00e9 les choses pour vous et, comme indiqu\u00e9 pr\u00e9c\u00e9demment, si vous n'\u00eates pas s\u00fbr d'avoir besoin de quelque chose, il est g\u00e9n\u00e9ralement plus s\u00fbr d'activer les cookies au cas o\u00f9 ils interagiraient avec l'une des fonctions que vous utilisez sur notre site.<\/p>\n<p class=\"ai-optimize-22\">Toutefois, si vous \u00eates toujours \u00e0 la recherche de plus d'informations, veuillez consulter le site suivant <a href=\"https:\/\/xbanging.com\/fr\/contact\/\">nous contacter<\/a> en utilisant l'une de nos m\u00e9thodes de contact pr\u00e9f\u00e9r\u00e9es :<\/p>\n<p class=\"ai-optimize-23\">Courriel : hello@donnykingmedia.be<\/p>","protected":false},"excerpt":{"rendered":"<p>Cookie policy This is the Cookie Policy for Xbanging As is common with almost all professional websites, this site uses cookies, small files that are downloaded to your computer to improve your experience. This page describes what information they collect, how we use them and why we sometimes have to store these cookies. We will [&hellip;]<\/p>\n","protected":false},"author":1,"featured_media":0,"parent":0,"menu_order":0,"comment_status":"closed","ping_status":"closed","template":"","meta":{"footnotes":""},"class_list":["post-5477","page","type-page","status-publish","hentry"],"yoast_head":"<!-- This site is optimized with the Yoast SEO Premium plugin v26.4 (Yoast SEO v27.3) - https:\/\/yoast.com\/product\/yoast-seo-premium-wordpress\/ -->\n<title>Cookie policy | Xbanging<\/title>\n<meta name=\"description\" content=\"Understand how xbanging.com uses cookies to enhance your experience. Learn about cookie types, usage, and how to manage your settings.\" \/>\n<meta name=\"robots\" content=\"index, follow, max-snippet:-1, max-image-preview:large, max-video-preview:-1\" \/>\n<link rel=\"canonical\" href=\"https:\/\/xbanging.com\/fr\/cookie-policy\/\" \/>\n<meta name=\"twitter:card\" content=\"summary_large_image\" \/>\n<meta name=\"twitter:title\" content=\"Cookie policy | Xbanging\" \/>\n<meta name=\"twitter:description\" content=\"Understand how xbanging.com uses cookies to enhance your experience. Learn about cookie types, usage, and how to manage your settings.\" \/>\n<meta name=\"twitter:label1\" content=\"Dur\u00e9e de lecture estim\u00e9e\" \/>\n\t<meta name=\"twitter:data1\" content=\"2 minutes\" \/>\n<script type=\"application\/ld+json\" class=\"yoast-schema-graph\">{\"@context\":\"https:\\\/\\\/schema.org\",\"@graph\":[{\"@type\":\"WebPage\",\"@id\":\"https:\\\/\\\/xbanging.com\\\/cookie-policy\\\/\",\"url\":\"https:\\\/\\\/xbanging.com\\\/cookie-policy\\\/\",\"name\":\"Cookie policy | Xbanging\",\"isPartOf\":{\"@id\":\"https:\\\/\\\/xbanging.com\\\/#website\"},\"datePublished\":\"2022-11-13T08:33:23+00:00\",\"dateModified\":\"2025-09-29T07:26:33+00:00\",\"description\":\"Understand how xbanging.com uses cookies to enhance your experience. Learn about cookie types, usage, and how to manage your settings.\",\"breadcrumb\":{\"@id\":\"https:\\\/\\\/xbanging.com\\\/cookie-policy\\\/#breadcrumb\"},\"inLanguage\":\"fr-FR\",\"potentialAction\":[{\"@type\":\"ReadAction\",\"target\":[\"https:\\\/\\\/xbanging.com\\\/cookie-policy\\\/\"]}]},{\"@type\":\"BreadcrumbList\",\"@id\":\"https:\\\/\\\/xbanging.com\\\/cookie-policy\\\/#breadcrumb\",\"itemListElement\":[{\"@type\":\"ListItem\",\"position\":1,\"name\":\"Home\",\"item\":\"https:\\\/\\\/xbanging.com\\\/\"},{\"@type\":\"ListItem\",\"position\":2,\"name\":\"Cookie policy\"}]},{\"@type\":\"WebSite\",\"@id\":\"https:\\\/\\\/xbanging.com\\\/#website\",\"url\":\"https:\\\/\\\/xbanging.com\\\/\",\"name\":\"XBANGING\",\"description\":\"\",\"publisher\":{\"@id\":\"https:\\\/\\\/xbanging.com\\\/#organization\"},\"potentialAction\":[{\"@type\":\"SearchAction\",\"target\":{\"@type\":\"EntryPoint\",\"urlTemplate\":\"https:\\\/\\\/xbanging.com\\\/?s={search_term_string}\"},\"query-input\":{\"@type\":\"PropertyValueSpecification\",\"valueRequired\":true,\"valueName\":\"search_term_string\"}}],\"inLanguage\":\"fr-FR\"},{\"@type\":\"Organization\",\"@id\":\"https:\\\/\\\/xbanging.com\\\/#organization\",\"name\":\"XBANGING\",\"url\":\"https:\\\/\\\/xbanging.com\\\/\",\"logo\":{\"@type\":\"ImageObject\",\"inLanguage\":\"fr-FR\",\"@id\":\"https:\\\/\\\/xbanging.com\\\/#\\\/schema\\\/logo\\\/image\\\/\",\"url\":\"https:\\\/\\\/xbanging.com\\\/wp-content\\\/uploads\\\/2022\\\/11\\\/xbanging-logo-300px.png\",\"contentUrl\":\"https:\\\/\\\/xbanging.com\\\/wp-content\\\/uploads\\\/2022\\\/11\\\/xbanging-logo-300px.png\",\"width\":300,\"height\":94,\"caption\":\"XBANGING\"},\"image\":{\"@id\":\"https:\\\/\\\/xbanging.com\\\/#\\\/schema\\\/logo\\\/image\\\/\"}}]}<\/script>\n<!-- \/ Yoast SEO Premium plugin. -->","yoast_head_json":{"title":"Cookie policy | Xbanging","description":"Understand how xbanging.com uses cookies to enhance your experience. Learn about cookie types, usage, and how to manage your settings.","robots":{"index":"index","follow":"follow","max-snippet":"max-snippet:-1","max-image-preview":"max-image-preview:large","max-video-preview":"max-video-preview:-1"},"canonical":"https:\/\/xbanging.com\/fr\/cookie-policy\/","twitter_card":"summary_large_image","twitter_title":"Cookie policy | Xbanging","twitter_description":"Understand how xbanging.com uses cookies to enhance your experience. Learn about cookie types, usage, and how to manage your settings.","twitter_misc":{"Dur\u00e9e de lecture estim\u00e9e":"2 minutes"},"schema":{"@context":"https:\/\/schema.org","@graph":[{"@type":"WebPage","@id":"https:\/\/xbanging.com\/cookie-policy\/","url":"https:\/\/xbanging.com\/cookie-policy\/","name":"Cookie policy | Xbanging","isPartOf":{"@id":"https:\/\/xbanging.com\/#website"},"datePublished":"2022-11-13T08:33:23+00:00","dateModified":"2025-09-29T07:26:33+00:00","description":"Understand how xbanging.com uses cookies to enhance your experience. Learn about cookie types, usage, and how to manage your settings.","breadcrumb":{"@id":"https:\/\/xbanging.com\/cookie-policy\/#breadcrumb"},"inLanguage":"fr-FR","potentialAction":[{"@type":"ReadAction","target":["https:\/\/xbanging.com\/cookie-policy\/"]}]},{"@type":"BreadcrumbList","@id":"https:\/\/xbanging.com\/cookie-policy\/#breadcrumb","itemListElement":[{"@type":"ListItem","position":1,"name":"Home","item":"https:\/\/xbanging.com\/"},{"@type":"ListItem","position":2,"name":"Cookie policy"}]},{"@type":"WebSite","@id":"https:\/\/xbanging.com\/#website","url":"https:\/\/xbanging.com\/","name":"XBANGING","description":"","publisher":{"@id":"https:\/\/xbanging.com\/#organization"},"potentialAction":[{"@type":"SearchAction","target":{"@type":"EntryPoint","urlTemplate":"https:\/\/xbanging.com\/?s={search_term_string}"},"query-input":{"@type":"PropertyValueSpecification","valueRequired":true,"valueName":"search_term_string"}}],"inLanguage":"fr-FR"},{"@type":"Organization","@id":"https:\/\/xbanging.com\/#organization","name":"XBANGING","url":"https:\/\/xbanging.com\/","logo":{"@type":"ImageObject","inLanguage":"fr-FR","@id":"https:\/\/xbanging.com\/#\/schema\/logo\/image\/","url":"https:\/\/xbanging.com\/wp-content\/uploads\/2022\/11\/xbanging-logo-300px.png","contentUrl":"https:\/\/xbanging.com\/wp-content\/uploads\/2022\/11\/xbanging-logo-300px.png","width":300,"height":94,"caption":"XBANGING"},"image":{"@id":"https:\/\/xbanging.com\/#\/schema\/logo\/image\/"}}]}},"jetpack_sharing_enabled":true,"cmb2":{"page_slider_settings":{"display_slider_group":"no","page_slider_group":[{"layout":"slider-1","post_type":"post","order_by":"date","order":"DESC","display_categories":"yes","display_author":"yes","display_date":"yes","display_comment_count":"yes","display_view_count":"yes","display_like_count":"yes","display_dislike_count":"yes","fade":"no"}]},"blog_page_settings":{"blog_page_title":"","blog_page_heading":"off","blog_page_advance_search":"off","blog_page_ic":"","blog_page_it":"","blog_page_ec":"","blog_page_ip":"","blog_page_advance_search_id":"","archive_loop_style":"list-blog","blog_image_ratio":"","blog_show_categories":"on","blog_show_excerpt":"on","blog_show_author":"on","blog_show_date":"on","blog_show_comment_count":"on","blog_show_view_count":"on","blog_show_like_count":"on","blog_show_dislike_count":"on","blog_items_per_page":"10","blog_pag_type":"wp-default"},"page_options":{"get_page_template":"","color_mode":"","main_layout":"","main_layout_full_with":"","main_logo":"","main_logo_id":"","main_logo_retina":"","main_logo_retina_id":"","main_logo_mobile":"","main_logo_mobile_id":"","main_logo_mobile_retina":"","main_logo_mobile_retina_id":"","sticky_logo":"","sticky_logo_id":"","sticky_logo_retina":"","sticky_logo_retina_id":"","main_nav_layout":"","ajax_search":"","header_background":"","theme_sidebar":"","instagram_feed":"","instagram_feed_position":"","popular_videos":"","popular_videos_title_1":"","popular_videos_title_2":"","popular_videos_ic":"","popular_videos_it":"","theme_background":"","page_custom_css":""}},"_links":{"self":[{"href":"https:\/\/xbanging.com\/fr\/wp-json\/wp\/v2\/pages\/5477","targetHints":{"allow":["GET"]}}],"collection":[{"href":"https:\/\/xbanging.com\/fr\/wp-json\/wp\/v2\/pages"}],"about":[{"href":"https:\/\/xbanging.com\/fr\/wp-json\/wp\/v2\/types\/page"}],"author":[{"embeddable":true,"href":"https:\/\/xbanging.com\/fr\/wp-json\/wp\/v2\/users\/1"}],"replies":[{"embeddable":true,"href":"https:\/\/xbanging.com\/fr\/wp-json\/wp\/v2\/comments?post=5477"}],"version-history":[{"count":2,"href":"https:\/\/xbanging.com\/fr\/wp-json\/wp\/v2\/pages\/5477\/revisions"}],"predecessor-version":[{"id":12555,"href":"https:\/\/xbanging.com\/fr\/wp-json\/wp\/v2\/pages\/5477\/revisions\/12555"}],"wp:attachment":[{"href":"https:\/\/xbanging.com\/fr\/wp-json\/wp\/v2\/media?parent=5477"}],"curies":[{"name":"wp","href":"https:\/\/api.w.org\/{rel}","templated":true}]}}