{"id":5479,"date":"2022-11-13T08:35:38","date_gmt":"2022-11-13T08:35:38","guid":{"rendered":"https:\/\/xbanging.com\/?page_id=5479"},"modified":"2025-01-24T20:58:50","modified_gmt":"2025-01-24T20:58:50","slug":"privacy-policy","status":"publish","type":"page","link":"https:\/\/xbanging.com\/fr\/privacy-policy\/","title":{"rendered":"Politique de confidentialit\u00e9"},"content":{"rendered":"<p>https:\/\/xbanging.com, l'une de nos priorit\u00e9s les plus importantes est la protection de la vie priv\u00e9e de nos visiteurs. Le pr\u00e9sent document sur la politique de confidentialit\u00e9 contient les types de renseignements recueillis et enregistr\u00e9s par Xbanging et la fa\u00e7on dont nous les utilisons.<\/p>\n<p>Si vous avez des questions suppl\u00e9mentaires ou si vous souhaitez obtenir plus d'informations sur notre\u00a0<a href=\"https:\/\/en.wikipedia.org\/wiki\/Privacy_policy\">politique de confidentialit\u00e9<\/a>N'h\u00e9sitez pas \u00e0 nous contacter par courrier \u00e9lectronique \u00e0 l'adresse suivante : hello@donnykingmedia.be<\/p>\n<p>Fichiers journaux<br \/>\nUne proc\u00e9dure standard pour l'utilisation des fichiers journaux suit une proc\u00e9dure standard. Ces fichiers enregistrent les visiteurs lorsqu'ils visitent les sites web. Toutes les soci\u00e9t\u00e9s d'h\u00e9bergement le font et cela fait partie de l'analyse des services d'h\u00e9bergement. Les informations collect\u00e9es par les fichiers journaux comprennent les adresses IP (Internet Protocol), le type de navigateur, le fournisseur d'acc\u00e8s \u00e0 Internet (FAI), la date et l'heure, les pages r\u00e9f\u00e9renc\u00e9es\/r\u00e9cup\u00e9r\u00e9es et \u00e9ventuellement le nombre de clics. Ces donn\u00e9es ne sont pas li\u00e9es \u00e0 des informations personnellement identifiables. L'objectif de ces informations est d'analyser les tendances, de g\u00e9rer le site, de suivre les mouvements des utilisateurs sur le site et de collecter des informations d\u00e9mographiques.<\/p>\n<p>Cookies et balises web<br \/>\nComme tout autre site Web, Xbanging utilise des \" t\u00e9moins \". Ces cookies sont utilis\u00e9s pour stocker des informations, y compris les pr\u00e9f\u00e9rences des visiteurs et les pages du site Web que le visiteur a consult\u00e9es ou visit\u00e9es. L'information est utilis\u00e9e pour optimiser l'exp\u00e9rience de l'utilisateur en ajustant le contenu de nos pages Web en fonction du type de navigateur du visiteur et\/ou d'autres informations.<\/p>\n<p>Nos partenaires publicitaires<br \/>\nCertains annonceurs pr\u00e9sents sur notre site peuvent utiliser des cookies et des balises web. Nos partenaires publicitaires sont \u00e9num\u00e9r\u00e9s ci-dessous. Chacun de nos partenaires publicitaires dispose de sa propre politique de confidentialit\u00e9 en ce qui concerne les donn\u00e9es des utilisateurs. Pour faciliter l'acc\u00e8s, nous avons cr\u00e9\u00e9 un lien hypertexte vers leur politique de confidentialit\u00e9 ci-dessous.<\/p>\n<p>Google<\/p>\n<p>https:\/\/policies.google.com\/technologies\/ads<\/p>\n<p>Politique de confidentialit\u00e9<br \/>\nVous pouvez consulter cette liste pour trouver la politique de confidentialit\u00e9 de chacun des partenaires publicitaires de Xbanging.<\/p>\n<p>Les serveurs publicitaires externes ou les r\u00e9seaux publicitaires utilisent des technologies telles que les cookies, le JavaScript ou les pixels invisibles utilis\u00e9s dans leurs publicit\u00e9s et liens respectifs qui apparaissent sur GangbangNation et sont envoy\u00e9s directement aux navigateurs des utilisateurs. Ils re\u00e7oivent automatiquement votre adresse IP lorsque cela se produit. Ces technologies sont utilis\u00e9es pour mesurer l'efficacit\u00e9 de leurs campagnes publicitaires et\/ou pour personnaliser le contenu publicitaire que vous voyez sur les sites Web que vous visitez.<\/p>\n<p>Notez que Xbanging n'a pas acc\u00e8s \u00e0 ces t\u00e9moins utilis\u00e9s par des annonceurs externes et n'exerce aucun contr\u00f4le sur ceux-ci.<\/p>\n<p>Politique de confidentialit\u00e9 des tiers<br \/>\nLa politique de confidentialit\u00e9 de Xbanging ne s'applique pas aux autres annonceurs ou sites Web. C'est pourquoi nous vous conseillons de consulter les politiques de confidentialit\u00e9 respectives de ces serveurs publicitaires externes pour obtenir des renseignements plus d\u00e9taill\u00e9s. Cela peut inclure leurs pratiques et des instructions sur la fa\u00e7on de refuser certaines options. Vous pouvez trouver une liste compl\u00e8te de cette politique de confidentialit\u00e9 et de leurs liens ici : Politique de confidentialit\u00e9 Liens.<\/p>\n<p>Vous pouvez choisir de d\u00e9sactiver les cookies par le biais des options de votre navigateur. Pour des informations plus d\u00e9taill\u00e9es sur la gestion des cookies avec des navigateurs web sp\u00e9cifiques, vous pouvez les trouver sur les sites web respectifs des navigateurs. Qu'est-ce qu'un cookie ?<\/p>\n<p>Informations pour les enfants<br \/>\nUne autre partie de notre priorit\u00e9 est de renforcer la protection des enfants lors de l'utilisation de l'internet. Nous encourageons les parents et les personnes qui s'occupent d'eux \u00e0 observer leurs activit\u00e9s en ligne, \u00e0 y participer et\/ou \u00e0 les contr\u00f4ler et \u00e0 les superviser.<\/p>\n<p>Xbanging ne recueille pas sciemment des renseignements personnels identifiables aupr\u00e8s d'enfants de moins de 13 ans. Si vous pensez que votre enfant a fourni ce genre de renseignements sur notre site Web, nous vous recommandons fortement de communiquer avec nous imm\u00e9diatement et nous ferons de notre mieux pour retirer imm\u00e9diatement ces renseignements de nos dossiers.<\/p>\n<p>Autorisation<br \/>\nEn utilisant notre site web, vous acceptez notre politique en mati\u00e8re de protection de la vie priv\u00e9e et vous acceptez les conditions suivantes <a href=\"https:\/\/xbanging.com\/fr\/terms-and-conditions\/\">les modalit\u00e9s et conditions.<\/a><\/p>","protected":false},"excerpt":{"rendered":"<p>https:\/\/xbanging.com, one of our most important priorities is the privacy of our visitors. This privacy policy document contains types of information collected and recorded by Xbanging and how we use it. If you have additional questions or want more information about our\u00a0privacy policy, do not hesitate to contact us via e-mail at hello@donnykingmedia.be Log files [&hellip;]<\/p>\n","protected":false},"author":1,"featured_media":0,"parent":0,"menu_order":0,"comment_status":"closed","ping_status":"closed","template":"","meta":{"footnotes":""},"class_list":["post-5479","page","type-page","status-publish","hentry"],"yoast_head":"<!-- This site is optimized with the Yoast SEO Premium plugin v26.4 (Yoast SEO v27.4) - https:\/\/yoast.com\/product\/yoast-seo-premium-wordpress\/ -->\n<title>Privacy Policy | Xbanging<\/title>\n<meta name=\"description\" content=\"If you have additional questions or need more information about our privacy policy, feel free to contact us at hello@donnykingmedia.be\" \/>\n<meta name=\"robots\" content=\"index, follow, max-snippet:-1, max-image-preview:large, max-video-preview:-1\" \/>\n<link rel=\"canonical\" href=\"https:\/\/xbanging.com\/fr\/privacy-policy\/\" \/>\n<meta name=\"twitter:card\" content=\"summary_large_image\" \/>\n<meta name=\"twitter:title\" content=\"Privacy Policy | Xbanging\" \/>\n<meta name=\"twitter:description\" content=\"If you have additional questions or need more information about our privacy policy, feel free to contact us at hello@donnykingmedia.be\" \/>\n<meta name=\"twitter:label1\" content=\"Dur\u00e9e de lecture estim\u00e9e\" \/>\n\t<meta name=\"twitter:data1\" content=\"3 minutes\" \/>\n<script type=\"application\/ld+json\" class=\"yoast-schema-graph\">{\"@context\":\"https:\\\/\\\/schema.org\",\"@graph\":[{\"@type\":\"WebPage\",\"@id\":\"https:\\\/\\\/xbanging.com\\\/privacy-policy\\\/\",\"url\":\"https:\\\/\\\/xbanging.com\\\/privacy-policy\\\/\",\"name\":\"Privacy Policy | Xbanging\",\"isPartOf\":{\"@id\":\"https:\\\/\\\/xbanging.com\\\/#website\"},\"datePublished\":\"2022-11-13T08:35:38+00:00\",\"dateModified\":\"2025-01-24T20:58:50+00:00\",\"description\":\"If you have additional questions or need more information about our privacy policy, feel free to contact us at hello@donnykingmedia.be\",\"breadcrumb\":{\"@id\":\"https:\\\/\\\/xbanging.com\\\/privacy-policy\\\/#breadcrumb\"},\"inLanguage\":\"fr-FR\",\"potentialAction\":[{\"@type\":\"ReadAction\",\"target\":[\"https:\\\/\\\/xbanging.com\\\/privacy-policy\\\/\"]}]},{\"@type\":\"BreadcrumbList\",\"@id\":\"https:\\\/\\\/xbanging.com\\\/privacy-policy\\\/#breadcrumb\",\"itemListElement\":[{\"@type\":\"ListItem\",\"position\":1,\"name\":\"Home\",\"item\":\"https:\\\/\\\/xbanging.com\\\/\"},{\"@type\":\"ListItem\",\"position\":2,\"name\":\"Privacy policy\"}]},{\"@type\":\"WebSite\",\"@id\":\"https:\\\/\\\/xbanging.com\\\/#website\",\"url\":\"https:\\\/\\\/xbanging.com\\\/\",\"name\":\"XBANGING\",\"description\":\"\",\"publisher\":{\"@id\":\"https:\\\/\\\/xbanging.com\\\/#organization\"},\"potentialAction\":[{\"@type\":\"SearchAction\",\"target\":{\"@type\":\"EntryPoint\",\"urlTemplate\":\"https:\\\/\\\/xbanging.com\\\/?s={search_term_string}\"},\"query-input\":{\"@type\":\"PropertyValueSpecification\",\"valueRequired\":true,\"valueName\":\"search_term_string\"}}],\"inLanguage\":\"fr-FR\"},{\"@type\":\"Organization\",\"@id\":\"https:\\\/\\\/xbanging.com\\\/#organization\",\"name\":\"XBANGING\",\"url\":\"https:\\\/\\\/xbanging.com\\\/\",\"logo\":{\"@type\":\"ImageObject\",\"inLanguage\":\"fr-FR\",\"@id\":\"https:\\\/\\\/xbanging.com\\\/#\\\/schema\\\/logo\\\/image\\\/\",\"url\":\"https:\\\/\\\/xbanging.com\\\/wp-content\\\/uploads\\\/2022\\\/11\\\/xbanging-logo-300px.png\",\"contentUrl\":\"https:\\\/\\\/xbanging.com\\\/wp-content\\\/uploads\\\/2022\\\/11\\\/xbanging-logo-300px.png\",\"width\":300,\"height\":94,\"caption\":\"XBANGING\"},\"image\":{\"@id\":\"https:\\\/\\\/xbanging.com\\\/#\\\/schema\\\/logo\\\/image\\\/\"}}]}<\/script>\n<!-- \/ Yoast SEO Premium plugin. -->","yoast_head_json":{"title":"Privacy Policy | Xbanging","description":"If you have additional questions or need more information about our privacy policy, feel free to contact us at hello@donnykingmedia.be","robots":{"index":"index","follow":"follow","max-snippet":"max-snippet:-1","max-image-preview":"max-image-preview:large","max-video-preview":"max-video-preview:-1"},"canonical":"https:\/\/xbanging.com\/fr\/privacy-policy\/","twitter_card":"summary_large_image","twitter_title":"Privacy Policy | Xbanging","twitter_description":"If you have additional questions or need more information about our privacy policy, feel free to contact us at hello@donnykingmedia.be","twitter_misc":{"Dur\u00e9e de lecture estim\u00e9e":"3 minutes"},"schema":{"@context":"https:\/\/schema.org","@graph":[{"@type":"WebPage","@id":"https:\/\/xbanging.com\/privacy-policy\/","url":"https:\/\/xbanging.com\/privacy-policy\/","name":"Privacy Policy | Xbanging","isPartOf":{"@id":"https:\/\/xbanging.com\/#website"},"datePublished":"2022-11-13T08:35:38+00:00","dateModified":"2025-01-24T20:58:50+00:00","description":"If you have additional questions or need more information about our privacy policy, feel free to contact us at hello@donnykingmedia.be","breadcrumb":{"@id":"https:\/\/xbanging.com\/privacy-policy\/#breadcrumb"},"inLanguage":"fr-FR","potentialAction":[{"@type":"ReadAction","target":["https:\/\/xbanging.com\/privacy-policy\/"]}]},{"@type":"BreadcrumbList","@id":"https:\/\/xbanging.com\/privacy-policy\/#breadcrumb","itemListElement":[{"@type":"ListItem","position":1,"name":"Home","item":"https:\/\/xbanging.com\/"},{"@type":"ListItem","position":2,"name":"Privacy policy"}]},{"@type":"WebSite","@id":"https:\/\/xbanging.com\/#website","url":"https:\/\/xbanging.com\/","name":"XBANGING","description":"","publisher":{"@id":"https:\/\/xbanging.com\/#organization"},"potentialAction":[{"@type":"SearchAction","target":{"@type":"EntryPoint","urlTemplate":"https:\/\/xbanging.com\/?s={search_term_string}"},"query-input":{"@type":"PropertyValueSpecification","valueRequired":true,"valueName":"search_term_string"}}],"inLanguage":"fr-FR"},{"@type":"Organization","@id":"https:\/\/xbanging.com\/#organization","name":"XBANGING","url":"https:\/\/xbanging.com\/","logo":{"@type":"ImageObject","inLanguage":"fr-FR","@id":"https:\/\/xbanging.com\/#\/schema\/logo\/image\/","url":"https:\/\/xbanging.com\/wp-content\/uploads\/2022\/11\/xbanging-logo-300px.png","contentUrl":"https:\/\/xbanging.com\/wp-content\/uploads\/2022\/11\/xbanging-logo-300px.png","width":300,"height":94,"caption":"XBANGING"},"image":{"@id":"https:\/\/xbanging.com\/#\/schema\/logo\/image\/"}}]}},"jetpack_sharing_enabled":true,"cmb2":{"page_slider_settings":{"display_slider_group":"no","page_slider_group":[{"layout":"slider-1","post_type":"post","order_by":"date","order":"DESC","display_categories":"yes","display_author":"yes","display_date":"yes","display_comment_count":"yes","display_view_count":"yes","display_like_count":"yes","display_dislike_count":"yes","fade":"no"}]},"blog_page_settings":{"blog_page_title":"","blog_page_heading":"off","blog_page_advance_search":"off","blog_page_ic":"","blog_page_it":"","blog_page_ec":"","blog_page_ip":"","blog_page_advance_search_id":"","archive_loop_style":"list-blog","blog_image_ratio":"","blog_show_categories":"on","blog_show_excerpt":"on","blog_show_author":"on","blog_show_date":"on","blog_show_comment_count":"on","blog_show_view_count":"on","blog_show_like_count":"on","blog_show_dislike_count":"on","blog_items_per_page":"10","blog_pag_type":"wp-default"},"page_options":{"get_page_template":"","color_mode":"","main_layout":"","main_layout_full_with":"","main_logo":"","main_logo_id":"","main_logo_retina":"","main_logo_retina_id":"","main_logo_mobile":"","main_logo_mobile_id":"","main_logo_mobile_retina":"","main_logo_mobile_retina_id":"","sticky_logo":"","sticky_logo_id":"","sticky_logo_retina":"","sticky_logo_retina_id":"","main_nav_layout":"","ajax_search":"","header_background":"","theme_sidebar":"","instagram_feed":"","instagram_feed_position":"","popular_videos":"","popular_videos_title_1":"","popular_videos_title_2":"","popular_videos_ic":"","popular_videos_it":"","theme_background":"","page_custom_css":""}},"_links":{"self":[{"href":"https:\/\/xbanging.com\/fr\/wp-json\/wp\/v2\/pages\/5479","targetHints":{"allow":["GET"]}}],"collection":[{"href":"https:\/\/xbanging.com\/fr\/wp-json\/wp\/v2\/pages"}],"about":[{"href":"https:\/\/xbanging.com\/fr\/wp-json\/wp\/v2\/types\/page"}],"author":[{"embeddable":true,"href":"https:\/\/xbanging.com\/fr\/wp-json\/wp\/v2\/users\/1"}],"replies":[{"embeddable":true,"href":"https:\/\/xbanging.com\/fr\/wp-json\/wp\/v2\/comments?post=5479"}],"version-history":[{"count":1,"href":"https:\/\/xbanging.com\/fr\/wp-json\/wp\/v2\/pages\/5479\/revisions"}],"predecessor-version":[{"id":12548,"href":"https:\/\/xbanging.com\/fr\/wp-json\/wp\/v2\/pages\/5479\/revisions\/12548"}],"wp:attachment":[{"href":"https:\/\/xbanging.com\/fr\/wp-json\/wp\/v2\/media?parent=5479"}],"curies":[{"name":"wp","href":"https:\/\/api.w.org\/{rel}","templated":true}]}}